{"id":760,"date":"2021-03-10T11:53:40","date_gmt":"2021-03-10T11:53:40","guid":{"rendered":"https:\/\/limpseurdesatascos.com\/?page_id=760"},"modified":"2023-05-02T13:57:40","modified_gmt":"2023-05-02T13:57:40","slug":"limpieza-de-balsas-en-vila-seca","status":"publish","type":"page","link":"https:\/\/limpseurdesatascos.com\/ca\/limpieza-de-balsas-en-vila-seca\/","title":{"rendered":"Limpieza de balsas en Vila-Seca"},"content":{"rendered":"<p>[et_pb_section fb_built=\u00bb1&#8243; _builder_version=\u00bb4.16&#8243; _module_preset=\u00bbdefault\u00bb background_image=\u00bbhttps:\/\/limpseurdesatascos.com\/wp-content\/uploads\/2021\/03\/limpieza-de-balsas-2.jpg\u00bb custom_margin=\u00bb||||false|false\u00bb custom_padding=\u00bb100px||100px||true|false\u00bb global_colors_info=\u00bb{}\u00bb][et_pb_row _builder_version=\u00bb4.16&#8243; _module_preset=\u00bbdefault\u00bb background_color=\u00bbrgba(255,255,255,0.47)\u00bb global_colors_info=\u00bb{}\u00bb][et_pb_column type=\u00bb4_4&#8243; _builder_version=\u00bb4.16&#8243; _module_preset=\u00bbdefault\u00bb global_colors_info=\u00bb{}\u00bb][et_pb_text _builder_version=\u00bb4.19.1&#8243; text_text_color=\u00bb#FFFFFF\u00bb background_size=\u00bbinitial\u00bb background_position=\u00bbtop_left\u00bb background_repeat=\u00bbrepeat\u00bb text_orientation=\u00bbcenter\u00bb max_width=\u00bb900px\u00bb module_alignment=\u00bbcenter\u00bb global_colors_info=\u00bb{}\u00bb]<\/p>\n<p><!-- divi:heading {\"level\":1} --><\/p>\n<h1><strong>Limpiezas de balsas en Vila-Seca<\/strong><\/h1>\n<p>Somos profesionales con experiencia en limpieza de balsas en Vila-Seca, aspirado de lodos, limpieza de sedimentos etc<\/p>\n<p><!-- \/divi:heading --><\/p>\n<p>[\/et_pb_text][\/et_pb_column][\/et_pb_row][\/et_pb_section][et_pb_section fb_built=\u00bb1&#8243; _builder_version=\u00bb4.16&#8243; global_colors_info=\u00bb{}\u00bb][et_pb_row column_structure=\u00bb2_5,3_5&#8243; _builder_version=\u00bb4.16&#8243; _module_preset=\u00bbdefault\u00bb custom_margin=\u00bb|auto|-5px|auto||\u00bb locked=\u00bboff\u00bb global_colors_info=\u00bb{}\u00bb][et_pb_column type=\u00bb2_5&#8243; _builder_version=\u00bb4.16&#8243; _module_preset=\u00bbdefault\u00bb global_colors_info=\u00bb{}\u00bb][et_pb_image src=\u00bbhttps:\/\/limpseurdesatascos.com\/wp-content\/uploads\/2021\/03\/destascos-en-reus-limpseur-llamanos.png\u00bb _builder_version=\u00bb4.19.1&#8243; _module_preset=\u00bbdefault\u00bb hover_enabled=\u00bb0&#8243; global_colors_info=\u00bb{}\u00bb title_text=\u00bbLimpieza de balsas en Vila-Seca\u00bb sticky_enabled=\u00bb0&#8243; alt=\u00bbLimpieza de balsas en Vila-Seca\u00bb][\/et_pb_image][et_pb_image src=\u00bbhttps:\/\/limpseurdesatascos.com\/wp-content\/uploads\/2021\/03\/limpieza-de-balsas-2.jpg\u00bb _builder_version=\u00bb4.19.1&#8243; _module_preset=\u00bbdefault\u00bb hover_enabled=\u00bb0&#8243; global_colors_info=\u00bb{}\u00bb sticky_enabled=\u00bb0&#8243;][\/et_pb_image][\/et_pb_column][et_pb_column type=\u00bb3_5&#8243; _builder_version=\u00bb4.16&#8243; _module_preset=\u00bbdefault\u00bb global_colors_info=\u00bb{}\u00bb][et_pb_text _builder_version=\u00bb4.19.1&#8243; background_size=\u00bbinitial\u00bb background_position=\u00bbtop_left\u00bb background_repeat=\u00bbrepeat\u00bb text_orientation=\u00bbcenter\u00bb global_colors_info=\u00bb{}\u00bb]<\/p>\n<h2 style=\"text-align: left;\"><strong>Empresa de limpieza de balsas en Vila-Seca<\/strong><\/h2>\n<p style=\"text-align: left;\"><span>La limpieza de balsas es una tarea importante para mantener el buen funcionamiento y la seguridad de las instalaciones. Esto incluye la eliminaci\u00f3n de sedimentos, hojas y otros residuos acumulados en el fondo de la balsa, as\u00ed como la desinfecci\u00f3n para evitar la acumulaci\u00f3n de microorganismos nocivos. Adem\u00e1s, es importante realizar inspecciones regulares para detectar cualquier signo de filtraci\u00f3n o da\u00f1o en las estructuras de contenci\u00f3n de la balsa.<\/span><\/p>\n<p style=\"text-align: left;\">Nuestra empresa dispone de todos los medios necesarios y la experiencia en realizar la extracci\u00f3n de lodos y sobrenadantes de balsas en Vila-Seca y poblaciones de la provincia de Tarragona.<\/p>\n<p style=\"text-align: left;\">Nos encargamos de la limpieza de su balsa y la retirada y transporte de los lodos en las plantas correspondientes de tratamiento.<\/p>\n<p><!-- \/divi:heading --><\/p>\n<p>[\/et_pb_text][\/et_pb_column][\/et_pb_row][et_pb_row column_structure=\u00bb1_2,1_2&#8243; make_equal=\u00bbon\u00bb _builder_version=\u00bb4.16&#8243; background_size=\u00bbinitial\u00bb background_position=\u00bbtop_left\u00bb background_repeat=\u00bbrepeat\u00bb global_colors_info=\u00bb{}\u00bb][et_pb_column type=\u00bb1_2&#8243; _builder_version=\u00bb4.16&#8243; custom_padding=\u00bb|||\u00bb custom_css_main_element=\u00bbdisplay:flex;justify-content:center;align-content:center;flex-flow:column;||\u00bb global_colors_info=\u00bb{}\u00bb custom_padding__hover=\u00bb|||\u00bb][et_pb_code _builder_version=\u00bb4.16&#8243; _module_preset=\u00bbdefault\u00bb global_colors_info=\u00bb{}\u00bb]<\/p>\n<div id=\"fb-root\"><\/div>\n<p><!-- [et_pb_line_break_holder] --><script async defer crossorigin=\"anonymous\" src=\"https:\/\/connect.facebook.net\/en_US\/sdk.js#xfbml=1&#038;version=v10.0&#038;appId=974101743003533&#038;autoLogAppEvents=1\" nonce=\"FOogTYs0\"><\/script>[\/et_pb_code][et_pb_text _builder_version=\u00bb4.16&#8243; background_size=\u00bbinitial\u00bb background_position=\u00bbtop_left\u00bb background_repeat=\u00bbrepeat\u00bb text_orientation=\u00bbjustified\u00bb global_colors_info=\u00bb{}\u00bb]<\/p>\n<h2>Limpieza de balsas y retirada de lodos en Vila-Seca<\/h2>\n<p>Muchas de las fincas de Vila-Seca tienen en la propiedad una <strong>balsa natural o artificial<\/strong> para facilitar el riego en sus terrenos. Estas balsas de acumulaci\u00f3n de agua requieren de un mantenimiento peri\u00f3dico consistente en la extracci\u00f3n y tratamiento de los lodos y los sobrenadantes que se van acumulando con el paso del tiempo.<\/p>\n<div class=\"wpb_text_column wpb_content_element  wpb_animate_when_almost_visible wpb_left-to-right left-to-right wpb_start_animation animated\">\n<div class=\"wpb_wrapper\">\n<p>Las acumulaciones de residuos presentes en las balsas disminuyen la capacidad de almacenamiento en estos equipos y pueden provocar alteraciones en el normal funcionamiento de las instalaciones del cliente o el desbordamiento de la balsa.<\/p>\n<p>La limpieza peri\u00f3dica de estas instalaciones evita los problemas que puede causar la acumulaci\u00f3n de residuos y lodos en las balsas de Vila-Seca.<\/p>\n<\/div>\n<\/div>\n<p><!-- \/divi:heading --><\/p>\n<p>[\/et_pb_text][\/et_pb_column][et_pb_column type=\u00bb1_2&#8243; _builder_version=\u00bb4.16&#8243; custom_padding=\u00bb|||\u00bb custom_css_main_element=\u00bbdisplay:flex;justify-content:center;align-content:center;flex-flow:column;||\u00bb global_colors_info=\u00bb{}\u00bb custom_padding__hover=\u00bb|||\u00bb][et_pb_image src=\u00bbhttps:\/\/limpseurdesatascos.com\/wp-content\/uploads\/2021\/03\/limpieza-de-balsas-1.jpg\u00bb alt=\u00bbLimpieza de balsas en Vila-Seca\u00bb title_text=\u00bbLimpieza de balsas en Vila-Seca\u00bb _builder_version=\u00bb4.19.1&#8243; hover_enabled=\u00bb0&#8243; global_colors_info=\u00bb{}\u00bb sticky_enabled=\u00bb0&#8243;][\/et_pb_image][et_pb_text _builder_version=\u00bb4.16&#8243; _module_preset=\u00bbdefault\u00bb background_color=\u00bbrgba(255,255,255,0.75)\u00bb positioning=\u00bbabsolute\u00bb position_origin_a=\u00bbbottom_center\u00bb vertical_offset=\u00bb30px\u00bb z_index=\u00bb2&#8243; text_orientation=\u00bbcenter\u00bb width=\u00bb80%\u00bb custom_margin=\u00bb||||false|false\u00bb custom_padding=\u00bb1em|1em|1em|1em|true|true\u00bb global_colors_info=\u00bb{}\u00bb]<\/p>\n<p>Limpieza de balsas en Vila-Seca Tarragona y poblaciones cercanas<\/p>\n<p>[\/et_pb_text][\/et_pb_column][\/et_pb_row][et_pb_row _builder_version=\u00bb4.16&#8243; _module_preset=\u00bbdefault\u00bb global_colors_info=\u00bb{}\u00bb][et_pb_column type=\u00bb4_4&#8243; _builder_version=\u00bb4.16&#8243; _module_preset=\u00bbdefault\u00bb global_colors_info=\u00bb{}\u00bb][et_pb_text _builder_version=\u00bb4.16&#8243; _module_preset=\u00bbdefault\u00bb header_2_text_color=\u00bb#FFFFFF\u00bb background_color=\u00bb#006fb5&#8243; text_orientation=\u00bbcenter\u00bb custom_padding=\u00bb1em|1em|1em|1em|true|true\u00bb global_colors_info=\u00bb{}\u00bb]<\/p>\n<h2 style=\"text-align: center;\">\u00bfBuscas una empresa de limpieza de balsa en Vila-Seca?<\/h2>\n<p>Somos profesionales con amplia experiencia y todos los equipos necesarios para prestar servicios de limpiezas de balsas en Vila-Seca<\/p>\n<p>[\/et_pb_text][et_pb_button button_url=\u00bbtel:699066389&#8243; button_text=\u00bb\u00a1Ll\u00e1manos!\u00bb button_alignment=\u00bbcenter\u00bb _builder_version=\u00bb4.16&#8243; _module_preset=\u00bbdefault\u00bb custom_button=\u00bbon\u00bb button_text_color=\u00bb#FFFFFF\u00bb button_bg_color=\u00bb#006FB5&#8243; button_border_width=\u00bb0px\u00bb global_colors_info=\u00bb{}\u00bb][\/et_pb_button][\/et_pb_column][\/et_pb_row][et_pb_row column_structure=\u00bb1_2,1_2&#8243; _builder_version=\u00bb4.16&#8243; _module_preset=\u00bbdefault\u00bb global_colors_info=\u00bb{}\u00bb][et_pb_column type=\u00bb1_2&#8243; _builder_version=\u00bb4.16&#8243; _module_preset=\u00bbdefault\u00bb global_colors_info=\u00bb{}\u00bb][et_pb_text _builder_version=\u00bb4.16&#8243; background_size=\u00bbinitial\u00bb background_position=\u00bbtop_left\u00bb background_repeat=\u00bbrepeat\u00bb text_orientation=\u00bbjustified\u00bb global_colors_info=\u00bb{}\u00bb]<\/p>\n<p><!-- divi:heading {\"level\":1} --><\/p>\n<h2>\u00bfQu\u00e9 es una balsa de agua?<\/h2>\n<p>La balsa de agua es una estructura (hueco) natural o artificial que acumula agua. No obstante, para diferenciarlas de las presas, las balsas no est\u00e1n en el cauce de un r\u00edo.<\/p>\n<p>En el caso de las balsas artificiales, el prop\u00f3sito de las balsas es el almacenamiento de agua superficial o de lluvia para el riego o su distribuci\u00f3n. El objetivo principal de la balsa es equilibrar la oferta con la demanda de agua, ya sea para riego o abastecimiento.<\/p>\n<p>Debido al coste menor, comparado con las presas, y a la existencia de balsas naturales, hay muchas m\u00e1s balsas que presas sobre todo en el sector privado.<\/p>\n<p><!-- \/divi:heading --><\/p>\n<p>[\/et_pb_text][et_pb_button button_url=\u00bbtel:699066389&#8243; button_text=\u00bb\u00a1Ll\u00e1manos!\u00bb button_alignment=\u00bbcenter\u00bb _builder_version=\u00bb4.16&#8243; _module_preset=\u00bbdefault\u00bb global_colors_info=\u00bb{}\u00bb][\/et_pb_button][\/et_pb_column][et_pb_column type=\u00bb1_2&#8243; _builder_version=\u00bb4.16&#8243; _module_preset=\u00bbdefault\u00bb global_colors_info=\u00bb{}\u00bb][et_pb_image src=\u00bbhttps:\/\/limpseurdesatascos.com\/wp-content\/uploads\/2023\/03\/limpieza-balsas.jpg\u00bb alt=\u00bbLimpieza de balsas en Vila-Seca\u00bb title_text=\u00bbLimpieza de balsas en Vila-Seca\u00bb _builder_version=\u00bb4.19.1&#8243; _module_preset=\u00bbdefault\u00bb hover_enabled=\u00bb0&#8243; locked=\u00bboff\u00bb global_colors_info=\u00bb{}\u00bb sticky_enabled=\u00bb0&#8243;][\/et_pb_image][\/et_pb_column][\/et_pb_row][et_pb_row column_structure=\u00bb1_2,1_2&#8243; _builder_version=\u00bb4.19.1&#8243; _module_preset=\u00bbdefault\u00bb custom_margin=\u00bb|auto|-5px|auto||\u00bb locked=\u00bboff\u00bb global_colors_info=\u00bb{}\u00bb][et_pb_column type=\u00bb1_2&#8243; _builder_version=\u00bb4.16&#8243; _module_preset=\u00bbdefault\u00bb global_colors_info=\u00bb{}\u00bb][et_pb_code _builder_version=\u00bb4.19.1&#8243; _module_preset=\u00bbdefault\u00bb global_colors_info=\u00bb{}\u00bb]<\/p>\n<div class=\"fb-post\" data-href=\"https:\/\/www.facebook.com\/limpseur.limpseur.5\/posts\/2794215537485413\" data-width=\"500\" data-show-text=\"true\">\n<blockquote cite=\"https:\/\/www.facebook.com\/limpseur.limpseur.5\/posts\/2794215537485413\" class=\"fb-xfbml-parse-ignore\"><pee>Aspiraci\u00f3n de arenas y lodos en balsa .<!-- [et_pb_line_break_holder] -->Vamos chicos que son dos piedritas de n\u00e1 \ud83d\udcaa<\/pee>Posted by <a href=\"https:\/\/www.facebook.com\/limpseur.limpseur.5\">Desatascos Limpseur Multiserveis Urgencias<\/a> on\u00a0<a href=\"https:\/\/www.facebook.com\/limpseur.limpseur.5\/posts\/2794215537485413\">Wednesday, December 30, 2020<\/a><\/p><\/blockquote>\n<\/div>\n<p>[\/et_pb_code][\/et_pb_column][et_pb_column type=\u00bb1_2&#8243; _builder_version=\u00bb4.16&#8243; _module_preset=\u00bbdefault\u00bb global_colors_info=\u00bb{}\u00bb][et_pb_text _builder_version=\u00bb4.19.1&#8243; background_size=\u00bbinitial\u00bb background_position=\u00bbtop_left\u00bb background_repeat=\u00bbrepeat\u00bb text_orientation=\u00bbcenter\u00bb global_colors_info=\u00bb{}\u00bb]<\/p>\n<h2 style=\"text-align: left;\"><strong>La mejor limpieza de balsas<\/strong><\/h2>\n<div class=\"w-full border-b border-black\/10 dark:border-gray-900\/50 text-gray-800 dark:text-gray-100 group bg-gray-50 dark:bg-[#444654]\">\n<div class=\"text-base gap-4 md:gap-6 m-auto md:max-w-2xl lg:max-w-2xl xl:max-w-3xl p-4 md:py-6 flex lg:px-0\">\n<div class=\"relative flex w-[calc(100%-50px)] flex-col gap-1 md:gap-3 lg:w-[calc(100%-115px)]\">\n<div class=\"flex flex-grow flex-col gap-3\">\n<div class=\"min-h-[20px] flex flex-col items-start gap-4 whitespace-pre-wrap\">\n<div class=\"markdown prose w-full break-words dark:prose-invert dark\">\n<p style=\"text-align: left;\">En nuestro proceso de limpieza de balsas en Vila-Seca, utilizamos equipos especializados y personal capacitado para realizar una limpieza profunda y completa. Comenzamos con una evaluaci\u00f3n inicial para identificar los residuos y la cantidad de lodos presentes en la balsa. Luego, utilizamos t\u00e9cnicas de succi\u00f3n y extracci\u00f3n para remover los lodos y residuos s\u00f3lidos. Finalmente, realizamos una limpieza exhaustiva del fondo y las paredes de la balsa utilizando agua a alta presi\u00f3n y productos qu\u00edmicos biodegradables para eliminar cualquier residuo restante. Nos aseguramos de que el agua sea dejada en \u00f3ptimas condiciones para su reutilizaci\u00f3n. Nuestro objetivo es proporcionar un servicio de calidad y satisfacer las necesidades de nuestros clientes.<\/p>\n<\/div>\n<\/div>\n<\/div>\n<\/div>\n<\/div>\n<\/div>\n<p><!-- \/divi:heading --><\/p>\n<p>[\/et_pb_text][\/et_pb_column][\/et_pb_row][et_pb_row make_equal=\u00bbon\u00bb _builder_version=\u00bb4.16&#8243; background_size=\u00bbinitial\u00bb background_position=\u00bbtop_left\u00bb background_repeat=\u00bbrepeat\u00bb global_colors_info=\u00bb{}\u00bb][et_pb_column type=\u00bb4_4&#8243; _builder_version=\u00bb4.16&#8243; custom_padding=\u00bb|||\u00bb custom_css_main_element=\u00bbdisplay:flex;justify-content:center;align-content:center;flex-flow:column;||\u00bb global_colors_info=\u00bb{}\u00bb custom_padding__hover=\u00bb|||\u00bb][et_pb_text _builder_version=\u00bb4.19.1&#8243; text_font_size=\u00bb14px\u00bb background_size=\u00bbinitial\u00bb background_position=\u00bbtop_left\u00bb background_repeat=\u00bbrepeat\u00bb text_orientation=\u00bbcenter\u00bb global_colors_info=\u00bb{}\u00bb]<\/p>\n<h2>Si necesitas una empresa de limpieza de balsas y retirada de lodos en Vila-Seca y poblaciones de la provincia Tarragona no dudes en contactar con nosotros<\/h2>\n<p>Ofrecemos servicios de alta calidad y rapidez a mano de profesionales en Tarragona y poblaciones cercanas. <span>Estamos disponibles para atender sus necesidades de limpieza de balsas de manera efectiva y eficiente.<\/span><\/p>\n<p>&nbsp;<\/p>\n<h3><a class=\"et_pb_button\" href=\"https:\/\/limpseurdesatascos.com\/ca\/contacto\/\">CONTACTA CON NOSOTROS<\/a><\/h3>\n<p><!-- \/divi:heading --><\/p>\n<p>[\/et_pb_text][\/et_pb_column][\/et_pb_row][\/et_pb_section]<\/p>","protected":false},"excerpt":{"rendered":"<p>Limpiezas de balsas en Vila-Seca Somos profesionales con experiencia en limpieza de balsas en Vila-Seca, aspirado de lodos, limpieza de sedimentos etc Empresa de limpieza de balsas en Vila-Seca La limpieza de balsas es una tarea importante para mantener el buen funcionamiento y la seguridad de las instalaciones. Esto incluye la eliminaci\u00f3n de sedimentos, hojas [&hellip;]<\/p>","protected":false},"author":1,"featured_media":766,"parent":0,"menu_order":0,"comment_status":"closed","ping_status":"closed","template":"","meta":{"_et_pb_use_builder":"on","_et_pb_old_content":"<!-- wp:heading {\"level\":1} -->\r\n<h1>Desatascos Urgentes Tarragona<\/h1>\r\n<!-- \/wp:heading -->\r\n\r\n<!-- wp:paragraph -->\r\n<p><strong>En Limpseur Desatascos podemos ofrecerle los presupuestos mas econ\u00f3micos sin competencia. \u00a1<\/strong><\/p>\r\n<!-- \/wp:paragraph -->\r\n\r\n<!-- wp:paragraph -->\r\n<p>\u2013 Mejoramos cualquier oferta por escrito, sin enga\u00f1os, ni letra\u00a0peque\u00f1a.<\/p>\r\n<!-- \/wp:paragraph -->\r\n\r\n<!-- wp:paragraph -->\r\n<p>\u2013 Precios especiales para administradores de fincas y mantenimiento de comunidades. \u00a0<\/p>\r\n<!-- \/wp:paragraph -->\r\n\r\n<!-- wp:paragraph -->\r\n<p>\u2013 Disponemos de unidades m\u00f3viles para trasladarnos por toda Lleida<\/p>\r\n<!-- \/wp:paragraph -->\r\n\r\n<!-- wp:paragraph -->\r\n<p>\u2013 Veh\u00edculos adaptados para poder acceder a cualquier lugar o\u00a0espacio de trabajo las 24 horas.<\/p>\r\n<!-- \/wp:paragraph -->\r\n\r\n<!-- wp:paragraph -->\r\n<p>\u2013 Eliminamos con limpieza los\u00a0MALOS OLORES\u00a0procedentes de tuber\u00edas del alcantarillado.<\/p>\r\n<!-- \/wp:paragraph -->\r\n\r\n<!-- wp:paragraph -->\r\n<p><strong>24 horas al dia, 7 dias a la semana TODO EL A\u00d1O.<\/strong><\/p>\r\n<!-- \/wp:paragraph -->\r\n\r\n<!-- wp:heading {\"level\":3} -->\r\n<h3><a href=\"https:\/\/limpseurdesatascos.com\/contacto\/\">CONTACTANOS<\/a><\/h3>\r\n<!-- \/wp:heading -->","_et_gb_content_width":"","footnotes":""},"class_list":["post-760","page","type-page","status-publish","has-post-thumbnail","hentry"],"yoast_head":"<!-- This site is optimized with the Yoast SEO plugin v25.8 - https:\/\/yoast.com\/wordpress\/plugins\/seo\/ -->\n<title>Limpieza de balsas en Vila-Seca - limpseurdesatascos.com<\/title>\n<meta name=\"description\" content=\"Limpieza de balsas en Vila-Seca Tarragona - limpieza de dep\u00f3sitos de agua naturales y artificiales, retirada de lodos, precios ajustados\" \/>\n<meta name=\"robots\" content=\"index, follow, max-snippet:-1, max-image-preview:large, max-video-preview:-1\" \/>\n<link rel=\"canonical\" href=\"https:\/\/limpseurdesatascos.com\/ca\/limpieza-de-balsas-en-vila-seca\/\" \/>\n<meta property=\"og:locale\" content=\"ca_ES\" \/>\n<meta property=\"og:type\" content=\"article\" \/>\n<meta property=\"og:title\" content=\"Limpieza de balsas en Vila-Seca - limpseurdesatascos.com\" \/>\n<meta property=\"og:description\" content=\"Limpieza de balsas en Vila-Seca Tarragona - limpieza de dep\u00f3sitos de agua naturales y artificiales, retirada de lodos, precios ajustados\" \/>\n<meta property=\"og:url\" content=\"https:\/\/limpseurdesatascos.com\/ca\/limpieza-de-balsas-en-vila-seca\/\" \/>\n<meta property=\"og:site_name\" content=\"limpseurdesatascos.com\" \/>\n<meta property=\"article:modified_time\" content=\"2023-05-02T13:57:40+00:00\" \/>\n<meta property=\"og:image\" content=\"https:\/\/limpseurdesatascos.com\/wp-content\/uploads\/2021\/03\/limpieza-de-balsas-1-1.jpg\" \/>\n\t<meta property=\"og:image:width\" content=\"960\" \/>\n\t<meta property=\"og:image:height\" content=\"960\" \/>\n\t<meta property=\"og:image:type\" content=\"image\/jpeg\" \/>\n<meta name=\"twitter:card\" content=\"summary_large_image\" \/>\n<meta name=\"twitter:label1\" content=\"Temps estimat de lectura\" \/>\n\t<meta name=\"twitter:data1\" content=\"8 minuts\" \/>\n<script type=\"application\/ld+json\" class=\"yoast-schema-graph\">{\"@context\":\"https:\/\/schema.org\",\"@graph\":[{\"@type\":\"WebPage\",\"@id\":\"https:\/\/limpseurdesatascos.com\/limpieza-de-balsas-en-vila-seca\/\",\"url\":\"https:\/\/limpseurdesatascos.com\/limpieza-de-balsas-en-vila-seca\/\",\"name\":\"Limpieza de balsas en Vila-Seca - limpseurdesatascos.com\",\"isPartOf\":{\"@id\":\"https:\/\/limpseurdesatascos.com\/#website\"},\"primaryImageOfPage\":{\"@id\":\"https:\/\/limpseurdesatascos.com\/limpieza-de-balsas-en-vila-seca\/#primaryimage\"},\"image\":{\"@id\":\"https:\/\/limpseurdesatascos.com\/limpieza-de-balsas-en-vila-seca\/#primaryimage\"},\"thumbnailUrl\":\"https:\/\/limpseurdesatascos.com\/wp-content\/uploads\/2021\/03\/limpieza-de-balsas-1-1.jpg\",\"datePublished\":\"2021-03-10T11:53:40+00:00\",\"dateModified\":\"2023-05-02T13:57:40+00:00\",\"description\":\"Limpieza de balsas en Vila-Seca Tarragona - limpieza de dep\u00f3sitos de agua naturales y artificiales, retirada de lodos, precios ajustados\",\"breadcrumb\":{\"@id\":\"https:\/\/limpseurdesatascos.com\/limpieza-de-balsas-en-vila-seca\/#breadcrumb\"},\"inLanguage\":\"ca\",\"potentialAction\":[{\"@type\":\"ReadAction\",\"target\":[\"https:\/\/limpseurdesatascos.com\/limpieza-de-balsas-en-vila-seca\/\"]}]},{\"@type\":\"ImageObject\",\"inLanguage\":\"ca\",\"@id\":\"https:\/\/limpseurdesatascos.com\/limpieza-de-balsas-en-vila-seca\/#primaryimage\",\"url\":\"https:\/\/limpseurdesatascos.com\/wp-content\/uploads\/2021\/03\/limpieza-de-balsas-1-1.jpg\",\"contentUrl\":\"https:\/\/limpseurdesatascos.com\/wp-content\/uploads\/2021\/03\/limpieza-de-balsas-1-1.jpg\",\"width\":960,\"height\":960,\"caption\":\"limpiezas de balsas en Vila-Seca\"},{\"@type\":\"BreadcrumbList\",\"@id\":\"https:\/\/limpseurdesatascos.com\/limpieza-de-balsas-en-vila-seca\/#breadcrumb\",\"itemListElement\":[{\"@type\":\"ListItem\",\"position\":1,\"name\":\"Portada\",\"item\":\"https:\/\/limpseurdesatascos.com\/\"},{\"@type\":\"ListItem\",\"position\":2,\"name\":\"Limpieza de balsas en Vila-Seca\"}]},{\"@type\":\"WebSite\",\"@id\":\"https:\/\/limpseurdesatascos.com\/#website\",\"url\":\"https:\/\/limpseurdesatascos.com\/\",\"name\":\"limpseurdesatascos.com\",\"description\":\"Desatascos, Fontaner\u00eda, Limpieza y desinfecci\u00f3n\",\"potentialAction\":[{\"@type\":\"SearchAction\",\"target\":{\"@type\":\"EntryPoint\",\"urlTemplate\":\"https:\/\/limpseurdesatascos.com\/?s={search_term_string}\"},\"query-input\":{\"@type\":\"PropertyValueSpecification\",\"valueRequired\":true,\"valueName\":\"search_term_string\"}}],\"inLanguage\":\"ca\"}]}<\/script>\n<!-- \/ Yoast SEO plugin. -->","yoast_head_json":{"title":"Limpieza de balsas en Vila-Seca - limpseurdesatascos.com","description":"Limpieza de balsas en Vila-Seca Tarragona - limpieza de dep\u00f3sitos de agua naturales y artificiales, retirada de lodos, precios ajustados","robots":{"index":"index","follow":"follow","max-snippet":"max-snippet:-1","max-image-preview":"max-image-preview:large","max-video-preview":"max-video-preview:-1"},"canonical":"https:\/\/limpseurdesatascos.com\/ca\/limpieza-de-balsas-en-vila-seca\/","og_locale":"ca_ES","og_type":"article","og_title":"Limpieza de balsas en Vila-Seca - limpseurdesatascos.com","og_description":"Limpieza de balsas en Vila-Seca Tarragona - limpieza de dep\u00f3sitos de agua naturales y artificiales, retirada de lodos, precios ajustados","og_url":"https:\/\/limpseurdesatascos.com\/ca\/limpieza-de-balsas-en-vila-seca\/","og_site_name":"limpseurdesatascos.com","article_modified_time":"2023-05-02T13:57:40+00:00","og_image":[{"width":960,"height":960,"url":"https:\/\/limpseurdesatascos.com\/wp-content\/uploads\/2021\/03\/limpieza-de-balsas-1-1.jpg","type":"image\/jpeg"}],"twitter_card":"summary_large_image","twitter_misc":{"Temps estimat de lectura":"8 minuts"},"schema":{"@context":"https:\/\/schema.org","@graph":[{"@type":"WebPage","@id":"https:\/\/limpseurdesatascos.com\/limpieza-de-balsas-en-vila-seca\/","url":"https:\/\/limpseurdesatascos.com\/limpieza-de-balsas-en-vila-seca\/","name":"Limpieza de balsas en Vila-Seca - limpseurdesatascos.com","isPartOf":{"@id":"https:\/\/limpseurdesatascos.com\/#website"},"primaryImageOfPage":{"@id":"https:\/\/limpseurdesatascos.com\/limpieza-de-balsas-en-vila-seca\/#primaryimage"},"image":{"@id":"https:\/\/limpseurdesatascos.com\/limpieza-de-balsas-en-vila-seca\/#primaryimage"},"thumbnailUrl":"https:\/\/limpseurdesatascos.com\/wp-content\/uploads\/2021\/03\/limpieza-de-balsas-1-1.jpg","datePublished":"2021-03-10T11:53:40+00:00","dateModified":"2023-05-02T13:57:40+00:00","description":"Limpieza de balsas en Vila-Seca Tarragona - limpieza de dep\u00f3sitos de agua naturales y artificiales, retirada de lodos, precios ajustados","breadcrumb":{"@id":"https:\/\/limpseurdesatascos.com\/limpieza-de-balsas-en-vila-seca\/#breadcrumb"},"inLanguage":"ca","potentialAction":[{"@type":"ReadAction","target":["https:\/\/limpseurdesatascos.com\/limpieza-de-balsas-en-vila-seca\/"]}]},{"@type":"ImageObject","inLanguage":"ca","@id":"https:\/\/limpseurdesatascos.com\/limpieza-de-balsas-en-vila-seca\/#primaryimage","url":"https:\/\/limpseurdesatascos.com\/wp-content\/uploads\/2021\/03\/limpieza-de-balsas-1-1.jpg","contentUrl":"https:\/\/limpseurdesatascos.com\/wp-content\/uploads\/2021\/03\/limpieza-de-balsas-1-1.jpg","width":960,"height":960,"caption":"limpiezas de balsas en Vila-Seca"},{"@type":"BreadcrumbList","@id":"https:\/\/limpseurdesatascos.com\/limpieza-de-balsas-en-vila-seca\/#breadcrumb","itemListElement":[{"@type":"ListItem","position":1,"name":"Portada","item":"https:\/\/limpseurdesatascos.com\/"},{"@type":"ListItem","position":2,"name":"Limpieza de balsas en Vila-Seca"}]},{"@type":"WebSite","@id":"https:\/\/limpseurdesatascos.com\/#website","url":"https:\/\/limpseurdesatascos.com\/","name":"limpseurdesatascos.com","description":"Desatascos, Fontaner\u00eda, Limpieza y desinfecci\u00f3n","potentialAction":[{"@type":"SearchAction","target":{"@type":"EntryPoint","urlTemplate":"https:\/\/limpseurdesatascos.com\/?s={search_term_string}"},"query-input":{"@type":"PropertyValueSpecification","valueRequired":true,"valueName":"search_term_string"}}],"inLanguage":"ca"}]}},"_links":{"self":[{"href":"https:\/\/limpseurdesatascos.com\/ca\/wp-json\/wp\/v2\/pages\/760","targetHints":{"allow":["GET"]}}],"collection":[{"href":"https:\/\/limpseurdesatascos.com\/ca\/wp-json\/wp\/v2\/pages"}],"about":[{"href":"https:\/\/limpseurdesatascos.com\/ca\/wp-json\/wp\/v2\/types\/page"}],"author":[{"embeddable":true,"href":"https:\/\/limpseurdesatascos.com\/ca\/wp-json\/wp\/v2\/users\/1"}],"replies":[{"embeddable":true,"href":"https:\/\/limpseurdesatascos.com\/ca\/wp-json\/wp\/v2\/comments?post=760"}],"version-history":[{"count":8,"href":"https:\/\/limpseurdesatascos.com\/ca\/wp-json\/wp\/v2\/pages\/760\/revisions"}],"predecessor-version":[{"id":1156,"href":"https:\/\/limpseurdesatascos.com\/ca\/wp-json\/wp\/v2\/pages\/760\/revisions\/1156"}],"wp:featuredmedia":[{"embeddable":true,"href":"https:\/\/limpseurdesatascos.com\/ca\/wp-json\/wp\/v2\/media\/766"}],"wp:attachment":[{"href":"https:\/\/limpseurdesatascos.com\/ca\/wp-json\/wp\/v2\/media?parent=760"}],"curies":[{"name":"wp","href":"https:\/\/api.w.org\/{rel}","templated":true}]}}