{"id":635,"date":"2020-07-22T13:01:07","date_gmt":"2020-07-22T13:01:07","guid":{"rendered":"https:\/\/limpseurdesatascos.com\/?page_id=635"},"modified":"2023-08-30T14:37:03","modified_gmt":"2023-08-30T14:37:03","slug":"desatascos-urgentes-tarragona","status":"publish","type":"page","link":"https:\/\/limpseurdesatascos.com\/ca\/desatascos-urgentes-tarragona\/","title":{"rendered":"Desembussos Urgents a Tarragona"},"content":{"rendered":"<p>[et_pb_section fb_built=\u00bb1&#8243; _builder_version=\u00bb4.16&#8243; _module_preset=\u00bbdefault\u00bb background_image=\u00bbhttps:\/\/limpseurdesatascos.com\/wp-content\/uploads\/2020\/04\/Depositphotos_186656956_s-2019-1-min.jpg\u00bb custom_margin=\u00bb||||false|false\u00bb custom_padding=\u00bb100px||100px||true|false\u00bb global_colors_info=\u00bb{}\u00bb][et_pb_row _builder_version=\u00bb4.16&#8243; _module_preset=\u00bbdefault\u00bb background_color=\u00bbrgba(255,255,255,0.47)\u00bb global_colors_info=\u00bb{}\u00bb][et_pb_column type=\u00bb4_4&#8243; _builder_version=\u00bb4.16&#8243; _module_preset=\u00bbdefault\u00bb global_colors_info=\u00bb{}\u00bb][et_pb_text _builder_version=\u00bb4.19.1&#8243; text_text_color=\u00bb#FFFFFF\u00bb background_size=\u00bbinitial\u00bb background_position=\u00bbtop_left\u00bb background_repeat=\u00bbrepeat\u00bb text_orientation=\u00bbcenter\u00bb max_width=\u00bb900px\u00bb module_alignment=\u00bbcenter\u00bb global_colors_info=\u00bb{}\u00bb]<\/p>\n<p><!-- divi:heading {\"level\":1} --><\/p>\n<h1><strong>Desatascos urgentes en Tarragona<\/strong><\/h1>\n<p>Empresa de desatascos urgentes en Tarragona || Profesionalismo | Rapidez | Costes bajos<\/p>\n<p><!-- \/divi:heading --><\/p>\n<p>[\/et_pb_text][et_pb_button button_url=\u00bbtel:699066389&#8243; button_text=\u00bb\u00a1Ll\u00e1manos ahora!\u00bb button_alignment=\u00bbcenter\u00bb _builder_version=\u00bb4.16&#8243; _module_preset=\u00bbdefault\u00bb custom_button=\u00bbon\u00bb button_text_color=\u00bb#FFFFFF\u00bb button_bg_color=\u00bb#006FB5&#8243; button_border_width=\u00bb0px\u00bb global_colors_info=\u00bb{}\u00bb][\/et_pb_button][\/et_pb_column][\/et_pb_row][\/et_pb_section][et_pb_section fb_built=\u00bb1&#8243; _builder_version=\u00bb4.16&#8243; _module_preset=\u00bbdefault\u00bb custom_padding=\u00bb0px||0px||false|false\u00bb global_colors_info=\u00bb{}\u00bb][et_pb_row column_structure=\u00bb1_2,1_2&#8243; make_equal=\u00bbon\u00bb _builder_version=\u00bb4.16&#8243; _module_preset=\u00bbdefault\u00bb global_colors_info=\u00bb{}\u00bb][et_pb_column type=\u00bb1_2&#8243; _builder_version=\u00bb4.16&#8243; _module_preset=\u00bbdefault\u00bb custom_css_main_element=\u00bbdisplay:flex;justify-content:center;align-content:center;flex-flow:column;||\u00bb global_colors_info=\u00bb{}\u00bb][et_pb_text _builder_version=\u00bb4.16&#8243; _module_preset=\u00bbdefault\u00bb header_3_font=\u00bb|300|||||||\u00bb header_3_text_color=\u00bb#898989&#8243; header_3_font_size=\u00bb20px\u00bb global_colors_info=\u00bb{}\u00bb]<\/p>\n<h2>\u00bfNecesitas un servicio de desatascos urgentes en Tarragona?<\/h2>\n<h3>\u00bfNecesitas hacer un destaco r\u00e1pido en la provincia Tarragona?<\/h3>\n<p>En Limpseur Desatascos podemos ofrecerle los presupuestos m\u00e1s ajustados para desatascos r\u00e1pidos en Tarragona.<\/p>\n<p>Realizamos todo tipo de desatascos urgentes para:<\/p>\n<ul>\n<li>Desatascos r\u00e1pidos en viviendas particulares<\/li>\n<li>Desatascos r\u00e1pidos en comunidades de vecinos y propietarios<\/li>\n<li>Desatascos r\u00e1pidos para comercios<\/li>\n<li>Desatascos r\u00e1pidos para clientes industriales<\/li>\n<\/ul>\n<p>[\/et_pb_text][\/et_pb_column][et_pb_column type=\u00bb1_2&#8243; _builder_version=\u00bb4.16&#8243; _module_preset=\u00bbdefault\u00bb custom_css_main_element=\u00bbdisplay:flex;justify-content:center;align-content:center;flex-flow:column;||\u00bb global_colors_info=\u00bb{}\u00bb][et_pb_image src=\u00bbhttps:\/\/limpseurdesatascos.com\/wp-content\/uploads\/2023\/01\/desatasco-tuberia.jpg\u00bb alt=\u00bbdesatascos urgentes en Tarragona bajantes de comunidades\u00bb title_text=\u00bbdesatascos urgentes en Tarragona bajantes de comunidades\u00bb url=\u00bb@ET-DC@eyJkeW5hbWljIjp0cnVlLCJjb250ZW50IjoicG9zdF9saW5rX3VybF9wYWdlIiwic2V0dGluZ3MiOnsicG9zdF9pZCI6IjE2In19@\u00bb _builder_version=\u00bb4.19.1&#8243; _dynamic_attributes=\u00bburl\u00bb _module_preset=\u00bbdefault\u00bb hover_enabled=\u00bb0&#8243; global_colors_info=\u00bb{}\u00bb sticky_enabled=\u00bb0&#8243;][\/et_pb_image][\/et_pb_column][\/et_pb_row][et_pb_row column_structure=\u00bb1_2,1_2&#8243; make_equal=\u00bbon\u00bb _builder_version=\u00bb4.16&#8243; _module_preset=\u00bbdefault\u00bb global_colors_info=\u00bb{}\u00bb][et_pb_column type=\u00bb1_2&#8243; _builder_version=\u00bb4.16&#8243; _module_preset=\u00bbdefault\u00bb custom_css_main_element=\u00bb||\u00bb global_colors_info=\u00bb{}\u00bb][et_pb_text _builder_version=\u00bb4.16&#8243; _module_preset=\u00bbdefault\u00bb header_3_font=\u00bb|300|||||||\u00bb header_3_text_color=\u00bb#898989&#8243; header_3_font_size=\u00bb20px\u00bb global_colors_info=\u00bb{}\u00bb]<\/p>\n<h2>Desatascos urgentes con cami\u00f3n cuba en Tarragona<\/h2>\n<p>Cuenta con los mejores servicios de desatasco r\u00e1pido con cami\u00f3n cuba en Tarragona y las poblaciones cercanas. Tenemos una flota de camiones de varias dimensiones para atender las necesidades de desatasco de clientes de todo tipo desde peque\u00f1os atascos dom\u00e9sticos a grandes clientes industriales.<\/p>\n<p>\u00a1Ll\u00e1manos si necesitas la intervenci\u00f3n urgente de nuestros profesionales y te atenderemos con rapidez y profesionalidad!<\/p>\n<p>[\/et_pb_text][et_pb_button button_url=\u00bbtel:699066389&#8243; button_text=\u00bb\u00a1Ll\u00e1manos ahora!\u00bb button_alignment=\u00bbcenter\u00bb _builder_version=\u00bb4.16&#8243; _module_preset=\u00bbdefault\u00bb custom_button=\u00bbon\u00bb button_text_color=\u00bb#FFFFFF\u00bb button_bg_color=\u00bb#006FB5&#8243; button_border_width=\u00bb0px\u00bb global_colors_info=\u00bb{}\u00bb][\/et_pb_button][\/et_pb_column][et_pb_column type=\u00bb1_2&#8243; _builder_version=\u00bb4.16&#8243; _module_preset=\u00bbdefault\u00bb global_colors_info=\u00bb{}\u00bb][et_pb_text _builder_version=\u00bb4.16&#8243; _module_preset=\u00bbdefault\u00bb header_3_font=\u00bb|300|||||||\u00bb header_3_text_color=\u00bb#898989&#8243; header_3_font_size=\u00bb20px\u00bb global_colors_info=\u00bb{}\u00bb]<\/p>\n<h2>Profesionalidad y experiencia en desatascos urgentes<\/h2>\n<p>Nuestra trayectoria profesional ha dejado atr\u00e1s miles de clientes satisfechos con nuestras intervenciones de destac\u00f3 r\u00e1pido. Es por ello que puedes confiar siempre en nuestra profesionalidad.\u00a0<\/p>\n<p>En Limpseur Desatascos apostamos por la experiencia y la formaci\u00f3n continua. Nuestros equipos est\u00e1n siempre en las manos de profesionales con amplia experiencia realizando desatascos r\u00e1pidos en poblaciones de la provincia.\u00a0<\/p>\n<p>[\/et_pb_text][\/et_pb_column][\/et_pb_row][\/et_pb_section][et_pb_section fb_built=\u00bb1&#8243; _builder_version=\u00bb4.16&#8243; global_colors_info=\u00bb{}\u00bb][et_pb_row column_structure=\u00bb1_3,1_3,1_3&#8243; _builder_version=\u00bb4.16&#8243; background_size=\u00bbinitial\u00bb background_position=\u00bbtop_left\u00bb background_repeat=\u00bbrepeat\u00bb global_colors_info=\u00bb{}\u00bb][et_pb_column type=\u00bb1_3&#8243; _builder_version=\u00bb4.16&#8243; custom_padding=\u00bb|||\u00bb global_colors_info=\u00bb{}\u00bb custom_padding__hover=\u00bb|||\u00bb][et_pb_image src=\u00bbhttps:\/\/limpseurdesatascos.com\/wp-content\/uploads\/2023\/01\/Reparacion-y-sustitucion-de-tuberias.jpg\u00bb alt=\u00bbdesatascos urgentes tarragona\u00bb title_text=\u00bbdesatascos urgentes tarragona\u00bb _builder_version=\u00bb4.19.1&#8243; _module_preset=\u00bbdefault\u00bb hover_enabled=\u00bb0&#8243; global_colors_info=\u00bb{}\u00bb sticky_enabled=\u00bb0&#8243;][\/et_pb_image][\/et_pb_column][et_pb_column type=\u00bb1_3&#8243; _builder_version=\u00bb4.16&#8243; custom_padding=\u00bb|||\u00bb global_colors_info=\u00bb{}\u00bb custom_padding__hover=\u00bb|||\u00bb][et_pb_text _builder_version=\u00bb4.19.1&#8243; background_size=\u00bbinitial\u00bb background_position=\u00bbtop_left\u00bb background_repeat=\u00bbrepeat\u00bb text_orientation=\u00bbcenter\u00bb global_colors_info=\u00bb{}\u00bb]<\/p>\n<h3>Servicios las 24h al d\u00eda<\/h3>\n<p>Mejoramos cualquier oferta por escrito, sin enga\u00f1os, ni letra\u00a0peque\u00f1a.<\/p>\n<p>Precios especiales para administradores de fincas y mantenimiento de comunidades.<\/p>\n<p>Disponemos de unidades m\u00f3viles para trasladarnos por toda Tarragona<\/p>\n<p>Veh\u00edculos adaptados para poder acceder a cualquier lugar o\u00a0espacio de trabajo las 24 horas.<\/p>\n<p>Eliminamos con limpieza los\u00a0MALOS OLORES\u00a0procedentes de tuber\u00edas del alcantarillado.<\/p>\n<p>[\/et_pb_text][\/et_pb_column][et_pb_column type=\u00bb1_3&#8243; _builder_version=\u00bb4.16&#8243; custom_padding=\u00bb|||\u00bb global_colors_info=\u00bb{}\u00bb custom_padding__hover=\u00bb|||\u00bb][et_pb_cta title=\u00bbDesatascos urgentes en Tarragona 24 horas al d\u00eda, 7 d\u00edas a la semana TODO EL A\u00d1O.\u00bb button_url=\u00bbtel:977615479&#8243; button_text=\u00bbLlamar: 977 615 479&#8243; _builder_version=\u00bb4.16&#8243; _module_preset=\u00bbdefault\u00bb custom_button=\u00bbon\u00bb button_text_color=\u00bb#006FB5&#8243; button_bg_color=\u00bb#FFFFFF\u00bb button_icon=\u00bb&#xe00b;||divi||400&#8243; global_colors_info=\u00bb{}\u00bb]<\/p>\n<p>Estamos siempre trabajando para atender todas las urgencias en el arrea de Tarragona. \u00a1No esperes a que las cosas vayan a peor!<\/p>\n<p>Truqui ara.<\/p>\n<p>[\/et_pb_cta][\/et_pb_column][\/et_pb_row][et_pb_row column_structure=\u00bb1_2,1_2&#8243; _builder_version=\u00bb4.19.1&#8243; _module_preset=\u00bbdefault\u00bb global_colors_info=\u00bb{}\u00bb][et_pb_column type=\u00bb1_2&#8243; _builder_version=\u00bb4.19.1&#8243; _module_preset=\u00bbdefault\u00bb global_colors_info=\u00bb{}\u00bb][et_pb_image src=\u00bbhttps:\/\/limpseurdesatascos.com\/wp-content\/uploads\/2021\/10\/empresa-de-desatascos-en-Tarragona.jpg\u00bb _builder_version=\u00bb4.19.1&#8243; _module_preset=\u00bbdefault\u00bb hover_enabled=\u00bb0&#8243; global_colors_info=\u00bb{}\u00bb sticky_enabled=\u00bb0&#8243;][\/et_pb_image][\/et_pb_column][et_pb_column type=\u00bb1_2&#8243; _builder_version=\u00bb4.19.1&#8243; _module_preset=\u00bbdefault\u00bb global_colors_info=\u00bb{}\u00bb][et_pb_image src=\u00bbhttps:\/\/limpseurdesatascos.com\/wp-content\/uploads\/2021\/10\/camion-grua-empresa-de-desatascos-en-Tarragona.jpg\u00bb alt=\u00bbdesatascos urgentes tarragona\u00bb title_text=\u00bbdesatascos urgentes tarragona\u00bb _builder_version=\u00bb4.19.1&#8243; _module_preset=\u00bbdefault\u00bb hover_enabled=\u00bb0&#8243; global_colors_info=\u00bb{}\u00bb sticky_enabled=\u00bb0&#8243;][\/et_pb_image][\/et_pb_column][\/et_pb_row][\/et_pb_section]<\/p>","protected":false},"excerpt":{"rendered":"<p>Desatascos urgentes en Tarragona Empresa de desatascos urgentes en Tarragona || Profesionalismo | Rapidez | Costes bajos \u00bfNecesitas un servicio de desatascos urgentes en Tarragona? \u00bfNecesitas hacer un destaco r\u00e1pido en la provincia Tarragona? En Limpseur Desatascos podemos ofrecerle los presupuestos m\u00e1s ajustados para desatascos r\u00e1pidos en Tarragona. Realizamos todo tipo de desatascos urgentes para: [&hellip;]<\/p>","protected":false},"author":1,"featured_media":98,"parent":0,"menu_order":0,"comment_status":"closed","ping_status":"closed","template":"","meta":{"_et_pb_use_builder":"on","_et_pb_old_content":"<!-- wp:heading {\"level\":1} -->\r\n<h1>Desatascos Urgentes Tarragona<\/h1>\r\n<!-- \/wp:heading -->\r\n\r\n<!-- wp:paragraph -->\r\n<p><strong>En Limpseur Desatascos podemos ofrecerle los presupuestos mas econ\u00f3micos sin competencia. \u00a1<\/strong><\/p>\r\n<!-- \/wp:paragraph -->\r\n\r\n<!-- wp:paragraph -->\r\n<p>\u2013 Mejoramos cualquier oferta por escrito, sin enga\u00f1os, ni letra\u00a0peque\u00f1a.<\/p>\r\n<!-- \/wp:paragraph -->\r\n\r\n<!-- wp:paragraph -->\r\n<p>\u2013 Precios especiales para administradores de fincas y mantenimiento de comunidades. \u00a0<\/p>\r\n<!-- \/wp:paragraph -->\r\n\r\n<!-- wp:paragraph -->\r\n<p>\u2013 Disponemos de unidades m\u00f3viles para trasladarnos por toda Lleida<\/p>\r\n<!-- \/wp:paragraph -->\r\n\r\n<!-- wp:paragraph -->\r\n<p>\u2013 Veh\u00edculos adaptados para poder acceder a cualquier lugar o\u00a0espacio de trabajo las 24 horas.<\/p>\r\n<!-- \/wp:paragraph -->\r\n\r\n<!-- wp:paragraph -->\r\n<p>\u2013 Eliminamos con limpieza los\u00a0MALOS OLORES\u00a0procedentes de tuber\u00edas del alcantarillado.<\/p>\r\n<!-- \/wp:paragraph -->\r\n\r\n<!-- wp:paragraph -->\r\n<p><strong>24 horas al dia, 7 dias a la semana TODO EL A\u00d1O.<\/strong><\/p>\r\n<!-- \/wp:paragraph -->\r\n\r\n<!-- wp:heading {\"level\":3} -->\r\n<h3><a href=\"https:\/\/limpseurdesatascos.com\/contacto\/\">CONTACTANOS<\/a><\/h3>\r\n<!-- \/wp:heading -->","_et_gb_content_width":"","footnotes":""},"class_list":["post-635","page","type-page","status-publish","has-post-thumbnail","hentry"],"yoast_head":"<!-- This site is optimized with the Yoast SEO plugin v25.8 - https:\/\/yoast.com\/wordpress\/plugins\/seo\/ -->\n<title>Desatascos Urgentes en Tarragona - limpseurdesatascos.com<\/title>\n<meta name=\"description\" content=\"Desatascos urgentes en Tarragona - servicio de desatascos r\u00e1pidos en Tarragona profesionales a tu disposici\u00f3n 24h todo el a\u00f1o \u00a1Ll\u00e1manos!\" \/>\n<meta name=\"robots\" content=\"index, follow, max-snippet:-1, max-image-preview:large, max-video-preview:-1\" \/>\n<link rel=\"canonical\" href=\"https:\/\/limpseurdesatascos.com\/ca\/desatascos-urgentes-tarragona\/\" \/>\n<meta property=\"og:locale\" content=\"ca_ES\" \/>\n<meta property=\"og:type\" content=\"article\" \/>\n<meta property=\"og:title\" content=\"Desatascos Urgentes en Tarragona - limpseurdesatascos.com\" \/>\n<meta property=\"og:description\" content=\"Desatascos urgentes en Tarragona - servicio de desatascos r\u00e1pidos en Tarragona profesionales a tu disposici\u00f3n 24h todo el a\u00f1o \u00a1Ll\u00e1manos!\" \/>\n<meta property=\"og:url\" content=\"https:\/\/limpseurdesatascos.com\/ca\/desatascos-urgentes-tarragona\/\" \/>\n<meta property=\"og:site_name\" content=\"limpseurdesatascos.com\" \/>\n<meta property=\"article:modified_time\" content=\"2023-08-30T14:37:03+00:00\" \/>\n<meta property=\"og:image\" content=\"https:\/\/limpseurdesatascos.com\/wp-content\/uploads\/2020\/04\/all-towns-fernvale-4306-thumbnail.jpg\" \/>\n\t<meta property=\"og:image:width\" content=\"1620\" \/>\n\t<meta property=\"og:image:height\" content=\"1080\" \/>\n\t<meta property=\"og:image:type\" content=\"image\/jpeg\" \/>\n<meta name=\"twitter:card\" content=\"summary_large_image\" \/>\n<meta name=\"twitter:label1\" content=\"Temps estimat de lectura\" \/>\n\t<meta name=\"twitter:data1\" content=\"5 minuts\" \/>\n<script type=\"application\/ld+json\" class=\"yoast-schema-graph\">{\"@context\":\"https:\/\/schema.org\",\"@graph\":[{\"@type\":\"WebPage\",\"@id\":\"https:\/\/limpseurdesatascos.com\/desatascos-urgentes-tarragona\/\",\"url\":\"https:\/\/limpseurdesatascos.com\/desatascos-urgentes-tarragona\/\",\"name\":\"Desatascos Urgentes en Tarragona - limpseurdesatascos.com\",\"isPartOf\":{\"@id\":\"https:\/\/limpseurdesatascos.com\/#website\"},\"primaryImageOfPage\":{\"@id\":\"https:\/\/limpseurdesatascos.com\/desatascos-urgentes-tarragona\/#primaryimage\"},\"image\":{\"@id\":\"https:\/\/limpseurdesatascos.com\/desatascos-urgentes-tarragona\/#primaryimage\"},\"thumbnailUrl\":\"https:\/\/limpseurdesatascos.com\/wp-content\/uploads\/2020\/04\/all-towns-fernvale-4306-thumbnail.jpg\",\"datePublished\":\"2020-07-22T13:01:07+00:00\",\"dateModified\":\"2023-08-30T14:37:03+00:00\",\"description\":\"Desatascos urgentes en Tarragona - servicio de desatascos r\u00e1pidos en Tarragona profesionales a tu disposici\u00f3n 24h todo el a\u00f1o \u00a1Ll\u00e1manos!\",\"breadcrumb\":{\"@id\":\"https:\/\/limpseurdesatascos.com\/desatascos-urgentes-tarragona\/#breadcrumb\"},\"inLanguage\":\"ca\",\"potentialAction\":[{\"@type\":\"ReadAction\",\"target\":[\"https:\/\/limpseurdesatascos.com\/desatascos-urgentes-tarragona\/\"]}]},{\"@type\":\"ImageObject\",\"inLanguage\":\"ca\",\"@id\":\"https:\/\/limpseurdesatascos.com\/desatascos-urgentes-tarragona\/#primaryimage\",\"url\":\"https:\/\/limpseurdesatascos.com\/wp-content\/uploads\/2020\/04\/all-towns-fernvale-4306-thumbnail.jpg\",\"contentUrl\":\"https:\/\/limpseurdesatascos.com\/wp-content\/uploads\/2020\/04\/all-towns-fernvale-4306-thumbnail.jpg\",\"width\":1620,\"height\":1080,\"caption\":\"vaciado de fosas s\u00e9pticas en Tarragona\"},{\"@type\":\"BreadcrumbList\",\"@id\":\"https:\/\/limpseurdesatascos.com\/desatascos-urgentes-tarragona\/#breadcrumb\",\"itemListElement\":[{\"@type\":\"ListItem\",\"position\":1,\"name\":\"Portada\",\"item\":\"https:\/\/limpseurdesatascos.com\/\"},{\"@type\":\"ListItem\",\"position\":2,\"name\":\"Desatascos Urgentes en Tarragona\"}]},{\"@type\":\"WebSite\",\"@id\":\"https:\/\/limpseurdesatascos.com\/#website\",\"url\":\"https:\/\/limpseurdesatascos.com\/\",\"name\":\"limpseurdesatascos.com\",\"description\":\"Desatascos, Fontaner\u00eda, Limpieza y desinfecci\u00f3n\",\"potentialAction\":[{\"@type\":\"SearchAction\",\"target\":{\"@type\":\"EntryPoint\",\"urlTemplate\":\"https:\/\/limpseurdesatascos.com\/?s={search_term_string}\"},\"query-input\":{\"@type\":\"PropertyValueSpecification\",\"valueRequired\":true,\"valueName\":\"search_term_string\"}}],\"inLanguage\":\"ca\"}]}<\/script>\n<!-- \/ Yoast SEO plugin. -->","yoast_head_json":{"title":"Desatascos Urgentes en Tarragona - limpseurdesatascos.com","description":"Desatascos urgentes en Tarragona - servicio de desatascos r\u00e1pidos en Tarragona profesionales a tu disposici\u00f3n 24h todo el a\u00f1o \u00a1Ll\u00e1manos!","robots":{"index":"index","follow":"follow","max-snippet":"max-snippet:-1","max-image-preview":"max-image-preview:large","max-video-preview":"max-video-preview:-1"},"canonical":"https:\/\/limpseurdesatascos.com\/ca\/desatascos-urgentes-tarragona\/","og_locale":"ca_ES","og_type":"article","og_title":"Desatascos Urgentes en Tarragona - limpseurdesatascos.com","og_description":"Desatascos urgentes en Tarragona - servicio de desatascos r\u00e1pidos en Tarragona profesionales a tu disposici\u00f3n 24h todo el a\u00f1o \u00a1Ll\u00e1manos!","og_url":"https:\/\/limpseurdesatascos.com\/ca\/desatascos-urgentes-tarragona\/","og_site_name":"limpseurdesatascos.com","article_modified_time":"2023-08-30T14:37:03+00:00","og_image":[{"width":1620,"height":1080,"url":"https:\/\/limpseurdesatascos.com\/wp-content\/uploads\/2020\/04\/all-towns-fernvale-4306-thumbnail.jpg","type":"image\/jpeg"}],"twitter_card":"summary_large_image","twitter_misc":{"Temps estimat de lectura":"5 minuts"},"schema":{"@context":"https:\/\/schema.org","@graph":[{"@type":"WebPage","@id":"https:\/\/limpseurdesatascos.com\/desatascos-urgentes-tarragona\/","url":"https:\/\/limpseurdesatascos.com\/desatascos-urgentes-tarragona\/","name":"Desatascos Urgentes en Tarragona - limpseurdesatascos.com","isPartOf":{"@id":"https:\/\/limpseurdesatascos.com\/#website"},"primaryImageOfPage":{"@id":"https:\/\/limpseurdesatascos.com\/desatascos-urgentes-tarragona\/#primaryimage"},"image":{"@id":"https:\/\/limpseurdesatascos.com\/desatascos-urgentes-tarragona\/#primaryimage"},"thumbnailUrl":"https:\/\/limpseurdesatascos.com\/wp-content\/uploads\/2020\/04\/all-towns-fernvale-4306-thumbnail.jpg","datePublished":"2020-07-22T13:01:07+00:00","dateModified":"2023-08-30T14:37:03+00:00","description":"Desatascos urgentes en Tarragona - servicio de desatascos r\u00e1pidos en Tarragona profesionales a tu disposici\u00f3n 24h todo el a\u00f1o \u00a1Ll\u00e1manos!","breadcrumb":{"@id":"https:\/\/limpseurdesatascos.com\/desatascos-urgentes-tarragona\/#breadcrumb"},"inLanguage":"ca","potentialAction":[{"@type":"ReadAction","target":["https:\/\/limpseurdesatascos.com\/desatascos-urgentes-tarragona\/"]}]},{"@type":"ImageObject","inLanguage":"ca","@id":"https:\/\/limpseurdesatascos.com\/desatascos-urgentes-tarragona\/#primaryimage","url":"https:\/\/limpseurdesatascos.com\/wp-content\/uploads\/2020\/04\/all-towns-fernvale-4306-thumbnail.jpg","contentUrl":"https:\/\/limpseurdesatascos.com\/wp-content\/uploads\/2020\/04\/all-towns-fernvale-4306-thumbnail.jpg","width":1620,"height":1080,"caption":"vaciado de fosas s\u00e9pticas en Tarragona"},{"@type":"BreadcrumbList","@id":"https:\/\/limpseurdesatascos.com\/desatascos-urgentes-tarragona\/#breadcrumb","itemListElement":[{"@type":"ListItem","position":1,"name":"Portada","item":"https:\/\/limpseurdesatascos.com\/"},{"@type":"ListItem","position":2,"name":"Desatascos Urgentes en Tarragona"}]},{"@type":"WebSite","@id":"https:\/\/limpseurdesatascos.com\/#website","url":"https:\/\/limpseurdesatascos.com\/","name":"limpseurdesatascos.com","description":"Desatascos, Fontaner\u00eda, Limpieza y desinfecci\u00f3n","potentialAction":[{"@type":"SearchAction","target":{"@type":"EntryPoint","urlTemplate":"https:\/\/limpseurdesatascos.com\/?s={search_term_string}"},"query-input":{"@type":"PropertyValueSpecification","valueRequired":true,"valueName":"search_term_string"}}],"inLanguage":"ca"}]}},"_links":{"self":[{"href":"https:\/\/limpseurdesatascos.com\/ca\/wp-json\/wp\/v2\/pages\/635","targetHints":{"allow":["GET"]}}],"collection":[{"href":"https:\/\/limpseurdesatascos.com\/ca\/wp-json\/wp\/v2\/pages"}],"about":[{"href":"https:\/\/limpseurdesatascos.com\/ca\/wp-json\/wp\/v2\/types\/page"}],"author":[{"embeddable":true,"href":"https:\/\/limpseurdesatascos.com\/ca\/wp-json\/wp\/v2\/users\/1"}],"replies":[{"embeddable":true,"href":"https:\/\/limpseurdesatascos.com\/ca\/wp-json\/wp\/v2\/comments?post=635"}],"version-history":[{"count":14,"href":"https:\/\/limpseurdesatascos.com\/ca\/wp-json\/wp\/v2\/pages\/635\/revisions"}],"predecessor-version":[{"id":1233,"href":"https:\/\/limpseurdesatascos.com\/ca\/wp-json\/wp\/v2\/pages\/635\/revisions\/1233"}],"wp:featuredmedia":[{"embeddable":true,"href":"https:\/\/limpseurdesatascos.com\/ca\/wp-json\/wp\/v2\/media\/98"}],"wp:attachment":[{"href":"https:\/\/limpseurdesatascos.com\/ca\/wp-json\/wp\/v2\/media?parent=635"}],"curies":[{"name":"wp","href":"https:\/\/api.w.org\/{rel}","templated":true}]}}