{"id":28,"date":"2020-04-24T16:41:26","date_gmt":"2020-04-24T16:41:26","guid":{"rendered":"https:\/\/limpseurdesatascos.com\/?page_id=28"},"modified":"2020-05-22T10:02:05","modified_gmt":"2020-05-22T10:02:05","slug":"electricidad","status":"publish","type":"page","link":"https:\/\/limpseurdesatascos.com\/ca\/servicios\/electricidad\/","title":{"rendered":"Electricidad"},"content":{"rendered":"<p>[et_pb_section fb_built=\u00bb1&#8243; custom_padding_last_edited=\u00bbon|phone\u00bb admin_label=\u00bbHeader\u00bb _builder_version=\u00bb4.4.3&#8243; background_image=\u00bbhttps:\/\/limpseurdesatascos.com\/wp-content\/uploads\/2020\/05\/electricidad.jpg\u00bb min_height=\u00bb600px\u00bb min_height_tablet=\u00bb\u00bb min_height_phone=\u00bb\u00bb min_height_last_edited=\u00bbon|desktop\u00bb custom_margin=\u00bb|||\u00bb custom_padding=\u00bb6vw||4vw||false|false\u00bb custom_padding_tablet=\u00bb||||false|false\u00bb custom_padding_phone=\u00bb||||false|false\u00bb custom_css_main_element=\u00bbbackground-size: 100% 100%;\u00bb custom_css_main_element_last_edited=\u00bbon|desktop\u00bb custom_css_main_element_phone=\u00bbbackground-size: cover;\u00bb custom_css_main_element_tablet=\u00bbbackground-size: cover;\u00bb][et_pb_row _builder_version=\u00bb4.4.3&#8243;][et_pb_column type=\u00bb4_4&#8243; _builder_version=\u00bb4.4.3&#8243; background_color=\u00bbrgba(0,0,0,0.32)\u00bb custom_padding=\u00bb20px||20px||false|false\u00bb custom_padding__hover=\u00bb|||\u00bb][et_pb_text _builder_version=\u00bb4.4.3&#8243; text_font=\u00bb||||||||\u00bb text_text_color=\u00bb#0ebeef\u00bb text_font_size=\u00bb26px\u00bb text_letter_spacing=\u00bb1px\u00bb header_font=\u00bb||||||||\u00bb header_text_color=\u00bb#ffffff\u00bb header_font_size=\u00bb34px\u00bb header_letter_spacing=\u00bb3px\u00bb header_line_height=\u00bb1.4em\u00bb header_2_font=\u00bb||||||||\u00bb header_2_text_color=\u00bb#ffffff\u00bb header_2_font_size=\u00bb20px\u00bb header_2_line_height=\u00bb1.6em\u00bb header_3_font=\u00bb||||||||\u00bb text_orientation=\u00bbcenter\u00bb background_layout=\u00bbdark\u00bb animation_style=\u00bbslide\u00bb animation_direction=\u00bbbottom\u00bb header_font_size_tablet=\u00bb35px\u00bb header_font_size_phone=\u00bb25px\u00bb header_font_size_last_edited=\u00bbon|desktop\u00bb text_text_shadow_style=\u00bbpreset4&#8243; text_text_shadow_horizontal_length=\u00bb-0.03em\u00bb text_text_shadow_color=\u00bb#000000&#8243;]<\/p>\n<h1>ELECTRICIDAD <\/h1>\n<p>Servicios de electricidad en la provincia de Tarragona.<\/p>\n<p>&nbsp;<\/p>\n<p>[\/et_pb_text][et_pb_button button_url=\u00bbtel:699066380&#8243; button_text=\u00bbContacta con nosotros\u00bb button_alignment=\u00bbcenter\u00bb _builder_version=\u00bb4.4.3&#8243; custom_button=\u00bbon\u00bb button_text_size=\u00bb16px\u00bb button_text_color=\u00bb#ffffff\u00bb button_bg_color=\u00bb#52a8ff\u00bb button_border_width=\u00bb7px\u00bb button_border_color=\u00bbrgba(0,0,0,0)\u00bb button_border_radius=\u00bb100px\u00bb button_font=\u00bbOpen Sans|700|||||||\u00bb animation_style=\u00bbslide\u00bb animation_direction=\u00bbbottom\u00bb scroll_scaling_enable=\u00bbon\u00bb scroll_scaling=\u00bb0|50|50|100|100%|100|150%\u00bb button_text_color_hover=\u00bb#ffffff\u00bb button_border_color_hover=\u00bbrgba(0,0,0,0)\u00bb button_border_radius_hover=\u00bb100px\u00bb button_bg_color_hover=\u00bb#0059c3&#8243; button_text_size__hover_enabled=\u00bboff\u00bb button_one_text_size__hover_enabled=\u00bboff\u00bb button_two_text_size__hover_enabled=\u00bboff\u00bb button_text_color__hover_enabled=\u00bbon\u00bb button_text_color__hover=\u00bb#ffffff\u00bb button_one_text_color__hover_enabled=\u00bboff\u00bb button_two_text_color__hover_enabled=\u00bboff\u00bb button_border_width__hover_enabled=\u00bboff\u00bb button_one_border_width__hover_enabled=\u00bboff\u00bb button_two_border_width__hover_enabled=\u00bboff\u00bb button_border_color__hover_enabled=\u00bbon\u00bb button_border_color__hover=\u00bbrgba(0,0,0,0)\u00bb button_one_border_color__hover_enabled=\u00bboff\u00bb button_two_border_color__hover_enabled=\u00bboff\u00bb button_border_radius__hover_enabled=\u00bbon\u00bb button_border_radius__hover=\u00bb100px\u00bb button_one_border_radius__hover_enabled=\u00bboff\u00bb button_two_border_radius__hover_enabled=\u00bboff\u00bb button_letter_spacing__hover_enabled=\u00bboff\u00bb button_one_letter_spacing__hover_enabled=\u00bboff\u00bb button_two_letter_spacing__hover_enabled=\u00bboff\u00bb button_bg_color__hover_enabled=\u00bbon\u00bb button_bg_color__hover=\u00bb#0059c3&#8243; button_one_bg_color__hover_enabled=\u00bboff\u00bb button_two_bg_color__hover_enabled=\u00bboff\u00bb][\/et_pb_button][\/et_pb_column][\/et_pb_row][\/et_pb_section][et_pb_section fb_built=\u00bb1&#8243; admin_label=\u00bbContact Info\u00bb _builder_version=\u00bb3.22&#8243; background_image=\u00bbhttps:\/\/limpseurdesatascos.com\/wp-content\/uploads\/2020\/04\/dentist-04.png\u00bb background_size=\u00bbinitial\u00bb background_position=\u00bbtop_center\u00bb custom_padding=\u00bb0|0px|31px|0px|false|false\u00bb global_module=\u00bb307&#8243; saved_tabs=\u00bball\u00bb][et_pb_row column_structure=\u00bb1_3,1_3,1_3&#8243; custom_padding_last_edited=\u00bbon|desktop\u00bb _builder_version=\u00bb4.4.3&#8243; use_background_color_gradient=\u00bbon\u00bb background_color_gradient_start=\u00bb#003b70&#8243; background_color_gradient_end=\u00bb#00c7dd\u00bb background_color_gradient_direction=\u00bb108deg\u00bb max_width=\u00bb1280px\u00bb module_alignment=\u00bbcenter\u00bb custom_margin=\u00bb|||\u00bb custom_padding=\u00bb19px|5vw|19px|5vw|true|true\u00bb custom_padding_tablet=\u00bb|5vw||5vw||true\u00bb custom_padding_phone=\u00bb|5vw||5vw||true\u00bb animation_style=\u00bbzoom\u00bb animation_direction=\u00bbtop\u00bb animation_intensity_zoom=\u00bb1%\u00bb scroll_horizontal_motion_enable=\u00bbon\u00bb scroll_horizontal_motion=\u00bb0|44|58|100|-90|0|0&#8243; motion_trigger_start=\u00bbtop\u00bb border_radii=\u00bb|||14vw|14vw\u00bb box_shadow_style=\u00bbpreset1&#8243; box_shadow_vertical=\u00bb20px\u00bb box_shadow_blur=\u00bb50px\u00bb box_shadow_color=\u00bbrgba(0,121,255,0.2)\u00bb use_custom_width=\u00bbon\u00bb custom_width_px=\u00bb1280px\u00bb][et_pb_column type=\u00bb1_3&#8243; _builder_version=\u00bb3.25&#8243; custom_padding=\u00bb|||\u00bb custom_padding_tablet=\u00bb40px|||\u00bb custom_padding_phone=\u00bb20px|||\u00bb custom_padding_last_edited=\u00bboff|desktop\u00bb padding_phone=\u00bb20px|||\u00bb padding_tablet=\u00bb40px|||\u00bb padding_last_edited=\u00bboff|desktop\u00bb custom_padding__hover=\u00bb|||\u00bb][et_pb_blurb title=\u00bbLl\u00e1manos\u00bb use_icon=\u00bbon\u00bb font_icon=\u00bb%%264%%\u00bb icon_color=\u00bb#ffffff\u00bb icon_placement=\u00bbleft\u00bb use_icon_font_size=\u00bbon\u00bb icon_font_size=\u00bb35px\u00bb _builder_version=\u00bb4.4.3&#8243; header_font=\u00bb||||||||\u00bb header_line_height=\u00bb1.6em\u00bb body_font=\u00bb||||||||\u00bb body_line_height=\u00bb1em\u00bb background_layout=\u00bbdark\u00bb animation=\u00bboff\u00bb hover_transition_duration=\u00bb800ms\u00bb icon_font_size__hover=\u00bb45px\u00bb icon_font_size__hover_enabled=\u00bbon|hover\u00bb]<\/p>\n<p><span style=\"color: #ccffff;\"><strong><a href=\"tel: 699066389\" style=\"color: #ccffff;\">699 066<\/a><\/strong><a href=\"tel: 699066389\" style=\"color: #ccffff;\"> <\/a><strong><a href=\"tel: 699066389\" style=\"color: #ccffff;\">389<\/a><\/strong><\/span><\/p>\n<p><strong><a href=\"tel:977615479\"><span style=\"color: #ccffff;\">977 615 479 <\/span><\/a><\/strong><\/p>\n<p>[\/et_pb_blurb][\/et_pb_column][et_pb_column type=\u00bb1_3&#8243; _builder_version=\u00bb3.25&#8243; custom_padding=\u00bb|||\u00bb custom_padding_tablet=\u00bb40px|||\u00bb custom_padding_phone=\u00bb20px|||\u00bb custom_padding_last_edited=\u00bboff|desktop\u00bb padding_phone=\u00bb20px|||\u00bb padding_tablet=\u00bb40px|||\u00bb padding_last_edited=\u00bboff|desktop\u00bb custom_padding__hover=\u00bb|||\u00bb][et_pb_blurb title=\u00bb24\u202fh 7 d\u00edas\/semana\u00bb use_icon=\u00bbon\u00bb font_icon=\u00bb%%227%%\u00bb icon_color=\u00bb#ffffff\u00bb icon_placement=\u00bbleft\u00bb use_icon_font_size=\u00bbon\u00bb icon_font_size=\u00bb35px\u00bb _builder_version=\u00bb4.4.3&#8243; header_font=\u00bb||||||||\u00bb header_line_height=\u00bb1.6em\u00bb body_font=\u00bb||||||||\u00bb body_line_height=\u00bb1em\u00bb background_layout=\u00bbdark\u00bb custom_padding=\u00bb||0px||false|false\u00bb animation=\u00bboff\u00bb hover_transition_duration=\u00bb800ms\u00bb font_icon__hover_enabled=\u00bbon|hover\u00bb icon_font_size__hover_enabled=\u00bbon|hover\u00bb icon_font_size__hover=\u00bb45px\u00bb]<\/p>\n<p>TOT L'ANY<\/p>\n<p><span style=\"font-size: 16px;\">Sempre a la seva disposici\u00f3.<\/span><\/p>\n<p>&nbsp;<\/p>\n<p>[\/et_pb_blurb][\/et_pb_column][et_pb_column type=\u00bb1_3&#8243; _builder_version=\u00bb3.25&#8243; custom_padding=\u00bb|||\u00bb custom_padding_tablet=\u00bb40px|||\u00bb custom_padding_phone=\u00bb20px|||\u00bb custom_padding_last_edited=\u00bboff|desktop\u00bb padding_phone=\u00bb20px|||\u00bb padding_tablet=\u00bb40px|||\u00bb padding_last_edited=\u00bboff|desktop\u00bb custom_padding__hover=\u00bb|||\u00bb][et_pb_blurb use_icon=\u00bbon\u00bb font_icon=\u00bb%%259%%\u00bb icon_color=\u00bb#ffffff\u00bb icon_placement=\u00bbleft\u00bb use_icon_font_size=\u00bbon\u00bb icon_font_size=\u00bb35px\u00bb _builder_version=\u00bb4.4.3&#8243; header_font=\u00bbCantata One||||||||\u00bb header_line_height=\u00bb1.6em\u00bb body_font=\u00bb||||||||\u00bb body_line_height=\u00bb1em\u00bb background_layout=\u00bbdark\u00bb animation=\u00bboff\u00bb hover_transition_duration=\u00bb800ms\u00bb icon_font_size__hover=\u00bb45px\u00bb icon_font_size__hover_enabled=\u00bbon|hover\u00bb]<\/p>\n<h3>Nostra Oficina<\/h3>\n<p>C\/Rovira i Virgili, 33<\/p>\n<p>c.p. 43002 Tarragona<\/p>\n<p>&nbsp;<\/p>\n<p>[\/et_pb_blurb][\/et_pb_column][\/et_pb_row][\/et_pb_section][et_pb_section fb_built=\u00bb1&#8243; make_equal=\u00bbon\u00bb use_custom_gutter=\u00bbon\u00bb gutter_width=\u00bb4&#8243; admin_label=\u00bbOur Mission\u00bb _builder_version=\u00bb4.4.3&#8243; background_enable_color=\u00bboff\u00bb background_image=\u00bbhttps:\/\/limpseurdesatascos.com\/wp-content\/uploads\/2020\/04\/dentist-19.png\u00bb custom_padding=\u00bb0||0vw||false|false\u00bb][et_pb_row _builder_version=\u00bb4.4.3&#8243;][et_pb_column type=\u00bb4_4&#8243; _builder_version=\u00bb4.4.3&#8243;][et_pb_text _builder_version=\u00bb4.4.3&#8243;]<\/p>\n<h2>Nuestros servicios de electricidad en Tarragona<\/h2>\n<p>[\/et_pb_text][\/et_pb_column][\/et_pb_row][et_pb_row column_structure=\u00bb1_2,1_2&#8243; use_custom_gutter=\u00bbon\u00bb gutter_width=\u00bb4&#8243; _builder_version=\u00bb4.4.3&#8243; scroll_horizontal_motion_enable=\u00bbon\u00bb scroll_horizontal_motion=\u00bb0|50|50|100|12|0|0&#8243; motion_trigger_start=\u00bbtop\u00bb locked=\u00bboff\u00bb][et_pb_column type=\u00bb1_2&#8243; _builder_version=\u00bb4.4.3&#8243; custom_padding=\u00bb|||\u00bb custom_padding__hover=\u00bb|||\u00bb][et_pb_text _builder_version=\u00bb4.4.3&#8243; text_orientation=\u00bbjustified\u00bb min_height=\u00bb250px\u00bb min_height_tablet=\u00bb\u00bb min_height_phone=\u00bb\u00bb min_height_last_edited=\u00bbon|desktop\u00bb custom_margin=\u00bb||80px||false|false\u00bb hover_enabled=\u00bb0&#8243; custom_margin_last_edited=\u00bbon|desktop\u00bb custom_margin_tablet=\u00bb||0px||false|false\u00bb]<\/p>\n<h3>Impermeabilizaci\u00f3n<\/h3>\n<p>La impermeabilizaci\u00f3n es muy importante en habitaciones que pueden tener filtraciones de humedad o en las cuales se produce mucha condensaci\u00f3n (por ejemplo en ba\u00f1os o cocinas), una mala impermeabilizaci\u00f3n puede llevar a la aparici\u00f3n de manchas o mohos, con posibles malos olores y problemas para la salud causadas por las esporas.<\/p>\n<p>Nuestros pintores profesionales te ofrecen servicios de impermeabilizaci\u00f3n con productos adecuados a cada tipo de estancia y pinturas impermeables de alta calidad en toda la provincia Tarragona.<\/p>\n<p>[\/et_pb_text][\/et_pb_column][et_pb_column type=\u00bb1_2&#8243; _builder_version=\u00bb3.25&#8243; custom_padding=\u00bb|||\u00bb custom_padding__hover=\u00bb|||\u00bb][et_pb_text _builder_version=\u00bb4.4.3&#8243; text_orientation=\u00bbjustified\u00bb min_height=\u00bb250px\u00bb min_height_tablet=\u00bb\u00bb min_height_phone=\u00bb\u00bb min_height_last_edited=\u00bbon|desktop\u00bb custom_margin=\u00bb||0px||false|false\u00bb hover_enabled=\u00bb0&#8243; custom_margin_last_edited=\u00bbon|phone\u00bb custom_margin_tablet=\u00bb||0px||false|false\u00bb custom_margin_phone=\u00bb||0px||false|false\u00bb]<\/p>\n<h3>Control de da\u00f1os por humedad<\/h3>\n<p>En una provincia costera como es Tarragona, muchos de los hogares sufren problemas por la humedad. Los da\u00f1os pueden ser desde simples problemas a causa de la condensaci\u00f3n hasta complicados da\u00f1os por filtraciones de agua.\u00a0<\/p>\n<p>Si su hogar o edificio sufre da\u00f1os por humedad no se preocupe, le enviaremos un pintor profesional en cualquier punto de la provincia Tarragona para evaluar los da\u00f1os y ofrecerle un presupuesto transparente sobre la reparaci\u00f3n. <a href=\"\/ca\/contacto\/\">Contacte con nosotros<\/a> y dejaremos su casa como nueva.<\/p>\n<p>[\/et_pb_text][\/et_pb_column][\/et_pb_row][et_pb_row column_structure=\u00bb1_3,1_3,1_3&#8243; use_custom_gutter=\u00bbon\u00bb gutter_width=\u00bb4&#8243; _builder_version=\u00bb4.4.3&#8243; locked=\u00bboff\u00bb][et_pb_column type=\u00bb1_3&#8243; _builder_version=\u00bb4.4.3&#8243; custom_padding=\u00bb|||\u00bb custom_padding__hover=\u00bb|||\u00bb][\/et_pb_column][et_pb_column type=\u00bb1_3&#8243; _builder_version=\u00bb3.25&#8243; custom_padding=\u00bb|||\u00bb custom_padding__hover=\u00bb|||\u00bb][\/et_pb_column][et_pb_column type=\u00bb1_3&#8243; _builder_version=\u00bb3.25&#8243; custom_padding=\u00bb|||\u00bb custom_padding__hover=\u00bb|||\u00bb][et_pb_text _builder_version=\u00bb4.4.3&#8243; text_font=\u00bb||||||||\u00bb text_line_height=\u00bb2em\u00bb header_font=\u00bb||||||||\u00bb header_2_font=\u00bb||||||||\u00bb header_3_font=\u00bb||||||||\u00bb header_3_font_size=\u00bb20px\u00bb header_3_line_height=\u00bb1.6em\u00bb text_orientation=\u00bbjustified\u00bb max_width=\u00bb500px\u00bb locked=\u00bboff\u00bb][\/et_pb_text][\/et_pb_column][\/et_pb_row][\/et_pb_section][et_pb_section fb_built=\u00bb1&#8243; prev_background_color=\u00bb#ffffff\u00bb admin_label=\u00bbFAQ\u00bb _builder_version=\u00bb4.4.3&#8243; background_color=\u00bb#f3f5fa\u00bb use_background_color_gradient=\u00bbon\u00bb background_color_gradient_start=\u00bb#f3f5fa\u00bb background_color_gradient_end=\u00bb#ffffff\u00bb custom_margin=\u00bb-140px|||\u00bb custom_margin_tablet=\u00bb0px|||\u00bb custom_margin_phone=\u00bb\u00bb custom_margin_last_edited=\u00bbon|tablet\u00bb custom_padding=\u00bb160px|0px|0px|0px|false|false\u00bb top_divider_style=\u00bbwave\u00bb top_divider_height=\u00bb14px\u00bb top_divider_repeat=\u00bb18x\u00bb top_divider_repeat_tablet=\u00bb9x\u00bb top_divider_repeat_phone=\u00bb4x\u00bb top_divider_repeat_last_edited=\u00bbon|phone\u00bb locked=\u00bboff\u00bb][et_pb_row _builder_version=\u00bb4.4.3&#8243; width=\u00bb100%\u00bb max_width=\u00bb100%\u00bb custom_margin=\u00bb||0px||false|false\u00bb custom_padding=\u00bb0px||0px||false|false\u00bb][et_pb_column type=\u00bb4_4&#8243; _builder_version=\u00bb4.4.3&#8243;][et_pb_cta title=\u00bb\u00bfNecesitas servicios de electricidad en la provincia Tarragona o cerca?\u00bb button_url=\u00bbtel:699066389&#8243; button_text=\u00bb\u00a1 LLAMA AHORA !\u00bb _builder_version=\u00bb4.4.3&#8243; header_text_color=\u00bb#ffffff\u00bb header_font_size=\u00bb39px\u00bb background_image=\u00bbhttps:\/\/limpseurdesatascos.com\/wp-content\/uploads\/2020\/05\/electricidad.jpg\u00bb parallax=\u00bbon\u00bb custom_button=\u00bbon\u00bb button_text_size=\u00bb21px\u00bb button_text_color=\u00bb#ffffff\u00bb button_bg_color=\u00bb#e02b20&#8243; button_border_width=\u00bb0px\u00bb button_letter_spacing=\u00bb4px\u00bb button_font=\u00bb|||on|||||\u00bb custom_padding=\u00bb8em||8em||false|false\u00bb header_font_size_tablet=\u00bb34px\u00bb header_font_size_phone=\u00bb33px\u00bb header_font_size_last_edited=\u00bbon|desktop\u00bb header_text_shadow_style=\u00bbpreset5&#8243; header_text_shadow_horizontal_length=\u00bb-0.04em\u00bb header_text_shadow_vertical_length=\u00bb0em\u00bb header_text_shadow_color=\u00bb#000000&#8243;][\/et_pb_cta][\/et_pb_column][\/et_pb_row][\/et_pb_section]<\/p>","protected":false},"excerpt":{"rendered":"<p>ELECTRICIDAD Servicios de electricidad en la provincia de Tarragona. &nbsp;699 066 389 977 615 479 TODO EL A\u00d1O Siempre a tu disposici\u00f3n &nbsp;Nuestra oficina: C\/Robira i Virgili,33 c.p. 43002 Tarragona &nbsp;Nuestros servicios de electricidad en TarragonaImpermeabilizaci\u00f3n La impermeabilizaci\u00f3n es muy importante en habitaciones que pueden tener filtraciones de humedad o en las cuales se produce [&hellip;]<\/p>","protected":false},"author":1,"featured_media":0,"parent":18,"menu_order":0,"comment_status":"closed","ping_status":"closed","template":"","meta":{"_et_pb_use_builder":"on","_et_pb_old_content":"<!-- wp:divi\/placeholder \/-->","_et_gb_content_width":"","footnotes":""},"class_list":["post-28","page","type-page","status-publish","hentry"],"yoast_head":"<!-- This site is optimized with the Yoast SEO plugin v25.8 - https:\/\/yoast.com\/wordpress\/plugins\/seo\/ -->\n<title>Servicios de desatascos, fontaner\u00eda, reformas y limpieza - Limpseur<\/title>\n<meta name=\"description\" content=\"Servicio de emergencia 24H. Desatascos, fontaner\u00eda, reformas y limpieza.Ofrecemos servicios profesionales a precios muy ajustados en la provincia Tarragona.\" \/>\n<meta name=\"robots\" content=\"index, follow, max-snippet:-1, max-image-preview:large, max-video-preview:-1\" \/>\n<link rel=\"canonical\" href=\"https:\/\/limpseurdesatascos.com\/ca\/servicios\/electricidad\/\" \/>\n<meta property=\"og:locale\" content=\"ca_ES\" \/>\n<meta property=\"og:type\" content=\"article\" \/>\n<meta property=\"og:title\" content=\"Servicios de desatascos, fontaner\u00eda, reformas y limpieza - Limpseur\" \/>\n<meta property=\"og:description\" content=\"Servicio de emergencia 24H. Desatascos, fontaner\u00eda, reformas y limpieza.Ofrecemos servicios profesionales a precios muy ajustados en la provincia Tarragona.\" \/>\n<meta property=\"og:url\" content=\"https:\/\/limpseurdesatascos.com\/ca\/servicios\/electricidad\/\" \/>\n<meta property=\"og:site_name\" content=\"limpseurdesatascos.com\" \/>\n<meta property=\"article:modified_time\" content=\"2020-05-22T10:02:05+00:00\" \/>\n<meta name=\"twitter:card\" content=\"summary_large_image\" \/>\n<meta name=\"twitter:label1\" content=\"Temps estimat de lectura\" \/>\n\t<meta name=\"twitter:data1\" content=\"9 minuts\" \/>\n<script type=\"application\/ld+json\" class=\"yoast-schema-graph\">{\"@context\":\"https:\/\/schema.org\",\"@graph\":[{\"@type\":\"WebPage\",\"@id\":\"https:\/\/limpseurdesatascos.com\/ca\/servicios\/electricidad\/\",\"url\":\"https:\/\/limpseurdesatascos.com\/ca\/servicios\/electricidad\/\",\"name\":\"Servicios de desatascos, fontaner\u00eda, reformas y limpieza - Limpseur\",\"isPartOf\":{\"@id\":\"https:\/\/limpseurdesatascos.com\/#website\"},\"datePublished\":\"2020-04-24T16:41:26+00:00\",\"dateModified\":\"2020-05-22T10:02:05+00:00\",\"description\":\"Servicio de emergencia 24H. Desatascos, fontaner\u00eda, reformas y limpieza.Ofrecemos servicios profesionales a precios muy ajustados en la provincia Tarragona.\",\"breadcrumb\":{\"@id\":\"https:\/\/limpseurdesatascos.com\/ca\/servicios\/electricidad\/#breadcrumb\"},\"inLanguage\":\"ca\",\"potentialAction\":[{\"@type\":\"ReadAction\",\"target\":[\"https:\/\/limpseurdesatascos.com\/ca\/servicios\/electricidad\/\"]}]},{\"@type\":\"BreadcrumbList\",\"@id\":\"https:\/\/limpseurdesatascos.com\/ca\/servicios\/electricidad\/#breadcrumb\",\"itemListElement\":[{\"@type\":\"ListItem\",\"position\":1,\"name\":\"Portada\",\"item\":\"https:\/\/limpseurdesatascos.com\/\"},{\"@type\":\"ListItem\",\"position\":2,\"name\":\"Servicios\",\"item\":\"https:\/\/limpseurdesatascos.com\/ca\/servicios\/\"},{\"@type\":\"ListItem\",\"position\":3,\"name\":\"Electricidad\"}]},{\"@type\":\"WebSite\",\"@id\":\"https:\/\/limpseurdesatascos.com\/#website\",\"url\":\"https:\/\/limpseurdesatascos.com\/\",\"name\":\"limpseurdesatascos.com\",\"description\":\"Desatascos, Fontaner\u00eda, Limpieza y desinfecci\u00f3n\",\"potentialAction\":[{\"@type\":\"SearchAction\",\"target\":{\"@type\":\"EntryPoint\",\"urlTemplate\":\"https:\/\/limpseurdesatascos.com\/?s={search_term_string}\"},\"query-input\":{\"@type\":\"PropertyValueSpecification\",\"valueRequired\":true,\"valueName\":\"search_term_string\"}}],\"inLanguage\":\"ca\"}]}<\/script>\n<!-- \/ Yoast SEO plugin. -->","yoast_head_json":{"title":"Servicios de desatascos, fontaner\u00eda, reformas y limpieza - Limpseur","description":"Servicio de emergencia 24H. Desatascos, fontaner\u00eda, reformas y limpieza.Ofrecemos servicios profesionales a precios muy ajustados en la provincia Tarragona.","robots":{"index":"index","follow":"follow","max-snippet":"max-snippet:-1","max-image-preview":"max-image-preview:large","max-video-preview":"max-video-preview:-1"},"canonical":"https:\/\/limpseurdesatascos.com\/ca\/servicios\/electricidad\/","og_locale":"ca_ES","og_type":"article","og_title":"Servicios de desatascos, fontaner\u00eda, reformas y limpieza - Limpseur","og_description":"Servicio de emergencia 24H. Desatascos, fontaner\u00eda, reformas y limpieza.Ofrecemos servicios profesionales a precios muy ajustados en la provincia Tarragona.","og_url":"https:\/\/limpseurdesatascos.com\/ca\/servicios\/electricidad\/","og_site_name":"limpseurdesatascos.com","article_modified_time":"2020-05-22T10:02:05+00:00","twitter_card":"summary_large_image","twitter_misc":{"Temps estimat de lectura":"9 minuts"},"schema":{"@context":"https:\/\/schema.org","@graph":[{"@type":"WebPage","@id":"https:\/\/limpseurdesatascos.com\/ca\/servicios\/electricidad\/","url":"https:\/\/limpseurdesatascos.com\/ca\/servicios\/electricidad\/","name":"Servicios de desatascos, fontaner\u00eda, reformas y limpieza - Limpseur","isPartOf":{"@id":"https:\/\/limpseurdesatascos.com\/#website"},"datePublished":"2020-04-24T16:41:26+00:00","dateModified":"2020-05-22T10:02:05+00:00","description":"Servicio de emergencia 24H. Desatascos, fontaner\u00eda, reformas y limpieza.Ofrecemos servicios profesionales a precios muy ajustados en la provincia Tarragona.","breadcrumb":{"@id":"https:\/\/limpseurdesatascos.com\/ca\/servicios\/electricidad\/#breadcrumb"},"inLanguage":"ca","potentialAction":[{"@type":"ReadAction","target":["https:\/\/limpseurdesatascos.com\/ca\/servicios\/electricidad\/"]}]},{"@type":"BreadcrumbList","@id":"https:\/\/limpseurdesatascos.com\/ca\/servicios\/electricidad\/#breadcrumb","itemListElement":[{"@type":"ListItem","position":1,"name":"Portada","item":"https:\/\/limpseurdesatascos.com\/"},{"@type":"ListItem","position":2,"name":"Servicios","item":"https:\/\/limpseurdesatascos.com\/ca\/servicios\/"},{"@type":"ListItem","position":3,"name":"Electricidad"}]},{"@type":"WebSite","@id":"https:\/\/limpseurdesatascos.com\/#website","url":"https:\/\/limpseurdesatascos.com\/","name":"limpseurdesatascos.com","description":"Desatascos, Fontaner\u00eda, Limpieza y desinfecci\u00f3n","potentialAction":[{"@type":"SearchAction","target":{"@type":"EntryPoint","urlTemplate":"https:\/\/limpseurdesatascos.com\/?s={search_term_string}"},"query-input":{"@type":"PropertyValueSpecification","valueRequired":true,"valueName":"search_term_string"}}],"inLanguage":"ca"}]}},"_links":{"self":[{"href":"https:\/\/limpseurdesatascos.com\/ca\/wp-json\/wp\/v2\/pages\/28","targetHints":{"allow":["GET"]}}],"collection":[{"href":"https:\/\/limpseurdesatascos.com\/ca\/wp-json\/wp\/v2\/pages"}],"about":[{"href":"https:\/\/limpseurdesatascos.com\/ca\/wp-json\/wp\/v2\/types\/page"}],"author":[{"embeddable":true,"href":"https:\/\/limpseurdesatascos.com\/ca\/wp-json\/wp\/v2\/users\/1"}],"replies":[{"embeddable":true,"href":"https:\/\/limpseurdesatascos.com\/ca\/wp-json\/wp\/v2\/comments?post=28"}],"version-history":[{"count":4,"href":"https:\/\/limpseurdesatascos.com\/ca\/wp-json\/wp\/v2\/pages\/28\/revisions"}],"predecessor-version":[{"id":575,"href":"https:\/\/limpseurdesatascos.com\/ca\/wp-json\/wp\/v2\/pages\/28\/revisions\/575"}],"up":[{"embeddable":true,"href":"https:\/\/limpseurdesatascos.com\/ca\/wp-json\/wp\/v2\/pages\/18"}],"wp:attachment":[{"href":"https:\/\/limpseurdesatascos.com\/ca\/wp-json\/wp\/v2\/media?parent=28"}],"curies":[{"name":"wp","href":"https:\/\/api.w.org\/{rel}","templated":true}]}}