{"id":24,"date":"2020-04-24T16:39:41","date_gmt":"2020-04-24T16:39:41","guid":{"rendered":"https:\/\/limpseurdesatascos.com\/?page_id=24"},"modified":"2020-05-22T10:29:08","modified_gmt":"2020-05-22T10:29:08","slug":"carpinteria","status":"publish","type":"page","link":"https:\/\/limpseurdesatascos.com\/ca\/servicios\/carpinteria\/","title":{"rendered":"Carpinter\u00eda"},"content":{"rendered":"<p>[et_pb_section fb_built=\u00bb1&#8243; custom_padding_last_edited=\u00bbon|phone\u00bb admin_label=\u00bbHeader\u00bb _builder_version=\u00bb4.4.3&#8243; background_image=\u00bbhttps:\/\/limpseurdesatascos.com\/wp-content\/uploads\/2020\/05\/carp-banner-scaled.jpg\u00bb parallax=\u00bbon\u00bb min_height=\u00bb600px\u00bb min_height_tablet=\u00bb\u00bb min_height_phone=\u00bb\u00bb min_height_last_edited=\u00bbon|desktop\u00bb custom_margin=\u00bb|||\u00bb custom_padding=\u00bb6vw||4vw||false|false\u00bb custom_padding_tablet=\u00bb||||false|false\u00bb custom_padding_phone=\u00bb||||false|false\u00bb custom_css_main_element=\u00bbbackground-size: 100% 100%;\u00bb custom_css_main_element_last_edited=\u00bbon|desktop\u00bb custom_css_main_element_phone=\u00bbbackground-size: cover;\u00bb custom_css_main_element_tablet=\u00bbbackground-size: cover;\u00bb][et_pb_row _builder_version=\u00bb4.4.3&#8243;][et_pb_column type=\u00bb4_4&#8243; _builder_version=\u00bb4.4.3&#8243; background_color=\u00bbrgba(0,0,0,0.32)\u00bb custom_padding=\u00bb20px||20px||false|false\u00bb custom_padding__hover=\u00bb|||\u00bb][et_pb_text _builder_version=\u00bb4.4.3&#8243; text_font=\u00bb||||||||\u00bb text_text_color=\u00bb#0ebeef\u00bb text_font_size=\u00bb26px\u00bb text_letter_spacing=\u00bb1px\u00bb header_font=\u00bb||||||||\u00bb header_text_color=\u00bb#ffffff\u00bb header_font_size=\u00bb34px\u00bb header_letter_spacing=\u00bb3px\u00bb header_line_height=\u00bb1.4em\u00bb header_2_font=\u00bb||||||||\u00bb header_2_text_color=\u00bb#ffffff\u00bb header_2_font_size=\u00bb20px\u00bb header_2_line_height=\u00bb1.6em\u00bb header_3_font=\u00bb||||||||\u00bb text_orientation=\u00bbcenter\u00bb background_layout=\u00bbdark\u00bb animation_style=\u00bbslide\u00bb animation_direction=\u00bbbottom\u00bb header_font_size_tablet=\u00bb35px\u00bb header_font_size_phone=\u00bb25px\u00bb header_font_size_last_edited=\u00bbon|desktop\u00bb text_text_shadow_style=\u00bbpreset4&#8243; text_text_shadow_horizontal_length=\u00bb-0.03em\u00bb text_text_shadow_color=\u00bb#000000&#8243;]<\/p>\n<h1>CARPINTER\u00cdA<\/h1>\n<p>Servicios de carpinter\u00eda en la provincia de Tarragona.<\/p>\n<p>&nbsp;<\/p>\n<p>[\/et_pb_text][et_pb_button button_url=\u00bbtel:699066380&#8243; button_text=\u00bbContacta con nosotros\u00bb button_alignment=\u00bbcenter\u00bb _builder_version=\u00bb4.4.3&#8243; custom_button=\u00bbon\u00bb button_text_size=\u00bb16px\u00bb button_text_color=\u00bb#ffffff\u00bb button_bg_color=\u00bb#52a8ff\u00bb button_border_width=\u00bb7px\u00bb button_border_color=\u00bbrgba(0,0,0,0)\u00bb button_border_radius=\u00bb100px\u00bb button_font=\u00bbOpen Sans|700|||||||\u00bb animation_style=\u00bbslide\u00bb animation_direction=\u00bbbottom\u00bb scroll_scaling_enable=\u00bbon\u00bb scroll_scaling=\u00bb0|50|50|100|100%|100|150%\u00bb button_text_color_hover=\u00bb#ffffff\u00bb button_border_color_hover=\u00bbrgba(0,0,0,0)\u00bb button_border_radius_hover=\u00bb100px\u00bb button_bg_color_hover=\u00bb#0059c3&#8243; button_text_size__hover_enabled=\u00bboff\u00bb button_one_text_size__hover_enabled=\u00bboff\u00bb button_two_text_size__hover_enabled=\u00bboff\u00bb button_text_color__hover_enabled=\u00bbon\u00bb button_text_color__hover=\u00bb#ffffff\u00bb button_one_text_color__hover_enabled=\u00bboff\u00bb button_two_text_color__hover_enabled=\u00bboff\u00bb button_border_width__hover_enabled=\u00bboff\u00bb button_one_border_width__hover_enabled=\u00bboff\u00bb button_two_border_width__hover_enabled=\u00bboff\u00bb button_border_color__hover_enabled=\u00bbon\u00bb button_border_color__hover=\u00bbrgba(0,0,0,0)\u00bb button_one_border_color__hover_enabled=\u00bboff\u00bb button_two_border_color__hover_enabled=\u00bboff\u00bb button_border_radius__hover_enabled=\u00bbon\u00bb button_border_radius__hover=\u00bb100px\u00bb button_one_border_radius__hover_enabled=\u00bboff\u00bb button_two_border_radius__hover_enabled=\u00bboff\u00bb button_letter_spacing__hover_enabled=\u00bboff\u00bb button_one_letter_spacing__hover_enabled=\u00bboff\u00bb button_two_letter_spacing__hover_enabled=\u00bboff\u00bb button_bg_color__hover_enabled=\u00bbon\u00bb button_bg_color__hover=\u00bb#0059c3&#8243; button_one_bg_color__hover_enabled=\u00bboff\u00bb button_two_bg_color__hover_enabled=\u00bboff\u00bb][\/et_pb_button][\/et_pb_column][\/et_pb_row][\/et_pb_section][et_pb_section fb_built=\u00bb1&#8243; admin_label=\u00bbContact Info\u00bb _builder_version=\u00bb3.22&#8243; background_image=\u00bbhttps:\/\/limpseurdesatascos.com\/wp-content\/uploads\/2020\/04\/dentist-04.png\u00bb background_size=\u00bbinitial\u00bb background_position=\u00bbtop_center\u00bb custom_padding=\u00bb0|0px|31px|0px|false|false\u00bb global_module=\u00bb307&#8243; saved_tabs=\u00bball\u00bb][et_pb_row column_structure=\u00bb1_3,1_3,1_3&#8243; custom_padding_last_edited=\u00bbon|desktop\u00bb _builder_version=\u00bb4.4.3&#8243; use_background_color_gradient=\u00bbon\u00bb background_color_gradient_start=\u00bb#003b70&#8243; background_color_gradient_end=\u00bb#00c7dd\u00bb background_color_gradient_direction=\u00bb108deg\u00bb max_width=\u00bb1280px\u00bb module_alignment=\u00bbcenter\u00bb custom_margin=\u00bb|||\u00bb custom_padding=\u00bb19px|5vw|19px|5vw|true|true\u00bb custom_padding_tablet=\u00bb|5vw||5vw||true\u00bb custom_padding_phone=\u00bb|5vw||5vw||true\u00bb animation_style=\u00bbzoom\u00bb animation_direction=\u00bbtop\u00bb animation_intensity_zoom=\u00bb1%\u00bb scroll_horizontal_motion_enable=\u00bbon\u00bb scroll_horizontal_motion=\u00bb0|44|58|100|-90|0|0&#8243; motion_trigger_start=\u00bbtop\u00bb border_radii=\u00bb|||14vw|14vw\u00bb box_shadow_style=\u00bbpreset1&#8243; box_shadow_vertical=\u00bb20px\u00bb box_shadow_blur=\u00bb50px\u00bb box_shadow_color=\u00bbrgba(0,121,255,0.2)\u00bb use_custom_width=\u00bbon\u00bb custom_width_px=\u00bb1280px\u00bb][et_pb_column type=\u00bb1_3&#8243; _builder_version=\u00bb3.25&#8243; custom_padding=\u00bb|||\u00bb custom_padding_tablet=\u00bb40px|||\u00bb custom_padding_phone=\u00bb20px|||\u00bb custom_padding_last_edited=\u00bboff|desktop\u00bb padding_phone=\u00bb20px|||\u00bb padding_tablet=\u00bb40px|||\u00bb padding_last_edited=\u00bboff|desktop\u00bb custom_padding__hover=\u00bb|||\u00bb][et_pb_blurb title=\u00bbLl\u00e1manos\u00bb use_icon=\u00bbon\u00bb font_icon=\u00bb%%264%%\u00bb icon_color=\u00bb#ffffff\u00bb icon_placement=\u00bbleft\u00bb use_icon_font_size=\u00bbon\u00bb icon_font_size=\u00bb35px\u00bb _builder_version=\u00bb4.4.3&#8243; header_font=\u00bb||||||||\u00bb header_line_height=\u00bb1.6em\u00bb body_font=\u00bb||||||||\u00bb body_line_height=\u00bb1em\u00bb background_layout=\u00bbdark\u00bb animation=\u00bboff\u00bb hover_transition_duration=\u00bb800ms\u00bb icon_font_size__hover=\u00bb45px\u00bb icon_font_size__hover_enabled=\u00bbon|hover\u00bb]<\/p>\n<p><span style=\"color: #ccffff;\"><strong><a href=\"tel: 699066389\" style=\"color: #ccffff;\">699 066<\/a><\/strong><a href=\"tel: 699066389\" style=\"color: #ccffff;\"> <\/a><strong><a href=\"tel: 699066389\" style=\"color: #ccffff;\">389<\/a><\/strong><\/span><\/p>\n<p><strong><a href=\"tel:977615479\"><span style=\"color: #ccffff;\">977 615 479 <\/span><\/a><\/strong><\/p>\n<p>[\/et_pb_blurb][\/et_pb_column][et_pb_column type=\u00bb1_3&#8243; _builder_version=\u00bb3.25&#8243; custom_padding=\u00bb|||\u00bb custom_padding_tablet=\u00bb40px|||\u00bb custom_padding_phone=\u00bb20px|||\u00bb custom_padding_last_edited=\u00bboff|desktop\u00bb padding_phone=\u00bb20px|||\u00bb padding_tablet=\u00bb40px|||\u00bb padding_last_edited=\u00bboff|desktop\u00bb custom_padding__hover=\u00bb|||\u00bb][et_pb_blurb title=\u00bb24\u202fh 7 d\u00edas\/semana\u00bb use_icon=\u00bbon\u00bb font_icon=\u00bb%%227%%\u00bb icon_color=\u00bb#ffffff\u00bb icon_placement=\u00bbleft\u00bb use_icon_font_size=\u00bbon\u00bb icon_font_size=\u00bb35px\u00bb _builder_version=\u00bb4.4.3&#8243; header_font=\u00bb||||||||\u00bb header_line_height=\u00bb1.6em\u00bb body_font=\u00bb||||||||\u00bb body_line_height=\u00bb1em\u00bb background_layout=\u00bbdark\u00bb custom_padding=\u00bb||0px||false|false\u00bb animation=\u00bboff\u00bb hover_transition_duration=\u00bb800ms\u00bb font_icon__hover_enabled=\u00bbon|hover\u00bb icon_font_size__hover_enabled=\u00bbon|hover\u00bb icon_font_size__hover=\u00bb45px\u00bb]<\/p>\n<p>TOT L'ANY<\/p>\n<p><span style=\"font-size: 16px;\">Sempre a la seva disposici\u00f3.<\/span><\/p>\n<p>&nbsp;<\/p>\n<p>[\/et_pb_blurb][\/et_pb_column][et_pb_column type=\u00bb1_3&#8243; _builder_version=\u00bb3.25&#8243; custom_padding=\u00bb|||\u00bb custom_padding_tablet=\u00bb40px|||\u00bb custom_padding_phone=\u00bb20px|||\u00bb custom_padding_last_edited=\u00bboff|desktop\u00bb padding_phone=\u00bb20px|||\u00bb padding_tablet=\u00bb40px|||\u00bb padding_last_edited=\u00bboff|desktop\u00bb custom_padding__hover=\u00bb|||\u00bb][et_pb_blurb use_icon=\u00bbon\u00bb font_icon=\u00bb%%259%%\u00bb icon_color=\u00bb#ffffff\u00bb icon_placement=\u00bbleft\u00bb use_icon_font_size=\u00bbon\u00bb icon_font_size=\u00bb35px\u00bb _builder_version=\u00bb4.4.3&#8243; header_font=\u00bbCantata One||||||||\u00bb header_line_height=\u00bb1.6em\u00bb body_font=\u00bb||||||||\u00bb body_line_height=\u00bb1em\u00bb background_layout=\u00bbdark\u00bb animation=\u00bboff\u00bb hover_transition_duration=\u00bb800ms\u00bb icon_font_size__hover=\u00bb45px\u00bb icon_font_size__hover_enabled=\u00bbon|hover\u00bb]<\/p>\n<h3>Nostra Oficina<\/h3>\n<p>C\/Rovira i Virgili, 33<\/p>\n<p>c.p. 43002 Tarragona<\/p>\n<p>&nbsp;<\/p>\n<p>[\/et_pb_blurb][\/et_pb_column][\/et_pb_row][\/et_pb_section][et_pb_section fb_built=\u00bb1&#8243; make_equal=\u00bbon\u00bb use_custom_gutter=\u00bbon\u00bb gutter_width=\u00bb4&#8243; admin_label=\u00bbOur Mission\u00bb _builder_version=\u00bb4.4.3&#8243; background_enable_color=\u00bboff\u00bb background_image=\u00bbhttps:\/\/limpseurdesatascos.com\/wp-content\/uploads\/2020\/04\/dentist-19.png\u00bb custom_padding=\u00bb0||2em||false|false\u00bb][et_pb_row _builder_version=\u00bb4.4.3&#8243;][et_pb_column type=\u00bb4_4&#8243; _builder_version=\u00bb4.4.3&#8243;][et_pb_text _builder_version=\u00bb4.4.3&#8243; custom_padding=\u00bb||5px|||\u00bb]<\/p>\n<h2>Nuestros servicios de carpinter\u00eda en Tarragona<\/h2>\n<p>[\/et_pb_text][\/et_pb_column][\/et_pb_row][et_pb_row column_structure=\u00bb1_2,1_2&#8243; use_custom_gutter=\u00bbon\u00bb gutter_width=\u00bb4&#8243; _builder_version=\u00bb4.4.3&#8243; custom_margin=\u00bb||20px||false|false\u00bb scroll_horizontal_motion_enable=\u00bbon\u00bb scroll_horizontal_motion=\u00bb0|50|50|100|12|0|0&#8243; motion_trigger_start=\u00bbtop\u00bb locked=\u00bboff\u00bb][et_pb_column type=\u00bb1_2&#8243; _builder_version=\u00bb4.4.3&#8243; custom_padding=\u00bb|||\u00bb custom_padding__hover=\u00bb|||\u00bb][et_pb_text _builder_version=\u00bb4.4.3&#8243; text_orientation=\u00bbjustified\u00bb min_height=\u00bb250px\u00bb min_height_tablet=\u00bb\u00bb min_height_phone=\u00bb\u00bb min_height_last_edited=\u00bbon|desktop\u00bb custom_margin=\u00bb||0px|||\u00bb hover_enabled=\u00bb0&#8243;]<\/p>\n<h3>Un titulu aici<\/h3>\n<p>Nunc morbi dui mattis, donec imperdiet tempus urna. Porta dapibus suspendisse accumsan sociis conubia, augue mus aenean imperdiet. Sem leo pellentesque turpis taciti. Vulputate sociis, auctor ad etiam et felis morbi sed? Ornare congue mus sed, iaculis euismod sem! Aenean pulvinar purus enim massa ridiculus consectetur cursus in pulvinar. Justo sodales sem cras integer luctus fringilla parturient suspendisse vivamus fames. Proin tempus consequat interdum arcu. Nulla congue velit purus tempor platea aenean? Himenaeos magnis primis luctus leo bibendum risus? Ad tellus nec hendrerit suspendisse non. Posuere mauris.<\/p>\n<p>&nbsp;<\/p>\n<p>[\/et_pb_text][\/et_pb_column][et_pb_column type=\u00bb1_2&#8243; _builder_version=\u00bb3.25&#8243; custom_padding=\u00bb|||\u00bb custom_padding__hover=\u00bb|||\u00bb][et_pb_text _builder_version=\u00bb4.4.3&#8243; text_orientation=\u00bbjustified\u00bb min_height=\u00bb250px\u00bb min_height_tablet=\u00bb\u00bb min_height_phone=\u00bb\u00bb min_height_last_edited=\u00bbon|desktop\u00bb custom_margin=\u00bb||0px||false|false\u00bb hover_enabled=\u00bb0&#8243;]<\/p>\n<h3>Alt titlu aici<\/h3>\n<p>Dolor rhoncus, vivamus vulputate. Semper eu torquent neque malesuada pretium mi dictum? Orci malesuada per ac rutrum arcu vitae sem condimentum mauris euismod? Mi etiam penatibus dictum? Accumsan rutrum et vehicula cras sapien ligula! Dui tempus montes senectus magnis class laoreet felis non rhoncus class pretium. Euismod torquent porttitor ac! Fusce condimentum eros placerat nunc tellus nisl.<\/p>\n<p>Euismod torquent porttitor ac! Fusce condimentum eros placerat nunc tellus nisl.<\/p>\n<p>[\/et_pb_text][\/et_pb_column][\/et_pb_row][\/et_pb_section][et_pb_section fb_built=\u00bb1&#8243; prev_background_color=\u00bb#ffffff\u00bb admin_label=\u00bbFAQ\u00bb _builder_version=\u00bb4.4.3&#8243; background_color=\u00bb#f3f5fa\u00bb use_background_color_gradient=\u00bbon\u00bb background_color_gradient_start=\u00bb#f3f5fa\u00bb background_color_gradient_end=\u00bb#ffffff\u00bb custom_margin=\u00bb0px||||false|false\u00bb custom_margin_tablet=\u00bb0px|||\u00bb custom_margin_phone=\u00bb\u00bb custom_margin_last_edited=\u00bbon|tablet\u00bb custom_padding=\u00bb160px|0px|0px|0px|false|false\u00bb top_divider_style=\u00bbwave\u00bb top_divider_height=\u00bb14px\u00bb top_divider_repeat=\u00bb18x\u00bb top_divider_repeat_tablet=\u00bb9x\u00bb top_divider_repeat_phone=\u00bb4x\u00bb top_divider_repeat_last_edited=\u00bbon|phone\u00bb locked=\u00bboff\u00bb][et_pb_row _builder_version=\u00bb4.4.3&#8243; width=\u00bb100%\u00bb max_width=\u00bb100%\u00bb custom_margin=\u00bb||0px||false|false\u00bb custom_padding=\u00bb0px||0px||false|false\u00bb][et_pb_column type=\u00bb4_4&#8243; _builder_version=\u00bb4.4.3&#8243;][et_pb_cta title=\u00bb\u00bfNecesitas servicios de carpinter\u00eda en la provincia Tarragona o cerca?\u00bb button_url=\u00bbtel:699066389&#8243; button_text=\u00bb\u00a1 LLAMA AHORA !\u00bb _builder_version=\u00bb4.4.3&#8243; header_text_color=\u00bb#ffffff\u00bb header_font_size=\u00bb39px\u00bb background_image=\u00bbhttps:\/\/limpseurdesatascos.com\/wp-content\/uploads\/2020\/05\/carp-banner2-scaled.jpg\u00bb parallax=\u00bbon\u00bb custom_button=\u00bbon\u00bb button_text_size=\u00bb21px\u00bb button_text_color=\u00bb#ffffff\u00bb button_bg_color=\u00bb#e02b20&#8243; button_border_width=\u00bb0px\u00bb button_letter_spacing=\u00bb4px\u00bb button_font=\u00bb|||on|||||\u00bb custom_padding=\u00bb8em||8em||false|false\u00bb header_font_size_tablet=\u00bb34px\u00bb header_font_size_phone=\u00bb33px\u00bb header_font_size_last_edited=\u00bbon|desktop\u00bb header_text_shadow_style=\u00bbpreset5&#8243; header_text_shadow_horizontal_length=\u00bb-0.04em\u00bb header_text_shadow_vertical_length=\u00bb0em\u00bb header_text_shadow_color=\u00bb#000000&#8243;][\/et_pb_cta][\/et_pb_column][\/et_pb_row][\/et_pb_section]<\/p>","protected":false},"excerpt":{"rendered":"<p>CARPINTER\u00cdA Servicios de carpinter\u00eda en la provincia de Tarragona. &nbsp;699 066 389 977 615 479 TODO EL A\u00d1O Siempre a tu disposici\u00f3n &nbsp;Nuestra oficina: C\/Robira i Virgili,33 c.p. 43002 Tarragona &nbsp;Nuestros servicios de carpinter\u00eda en TarragonaUn titulu aici Nunc morbi dui mattis, donec imperdiet tempus urna. Porta dapibus suspendisse accumsan sociis conubia, augue mus aenean [&hellip;]<\/p>","protected":false},"author":1,"featured_media":0,"parent":18,"menu_order":0,"comment_status":"closed","ping_status":"closed","template":"","meta":{"_et_pb_use_builder":"on","_et_pb_old_content":"<!-- wp:divi\/placeholder \/-->","_et_gb_content_width":"","footnotes":""},"class_list":["post-24","page","type-page","status-publish","hentry"],"yoast_head":"<!-- This site is optimized with the Yoast SEO plugin v25.8 - https:\/\/yoast.com\/wordpress\/plugins\/seo\/ -->\n<title>Servicios de desatascos, fontaner\u00eda, reformas y limpieza - Limpseur<\/title>\n<meta name=\"description\" content=\"Servicio de emergencia 24H. Desatascos, fontaner\u00eda, reformas y limpieza.Ofrecemos servicios profesionales a precios muy ajustados en la provincia Tarragona.\" \/>\n<meta name=\"robots\" content=\"index, follow, max-snippet:-1, max-image-preview:large, max-video-preview:-1\" \/>\n<link rel=\"canonical\" href=\"https:\/\/limpseurdesatascos.com\/ca\/servicios\/carpinteria\/\" \/>\n<meta property=\"og:locale\" content=\"ca_ES\" \/>\n<meta property=\"og:type\" content=\"article\" \/>\n<meta property=\"og:title\" content=\"Servicios de desatascos, fontaner\u00eda, reformas y limpieza - Limpseur\" \/>\n<meta property=\"og:description\" content=\"Servicio de emergencia 24H. Desatascos, fontaner\u00eda, reformas y limpieza.Ofrecemos servicios profesionales a precios muy ajustados en la provincia Tarragona.\" \/>\n<meta property=\"og:url\" content=\"https:\/\/limpseurdesatascos.com\/ca\/servicios\/carpinteria\/\" \/>\n<meta property=\"og:site_name\" content=\"limpseurdesatascos.com\" \/>\n<meta property=\"article:modified_time\" content=\"2020-05-22T10:29:08+00:00\" \/>\n<meta name=\"twitter:card\" content=\"summary_large_image\" \/>\n<meta name=\"twitter:label1\" content=\"Temps estimat de lectura\" \/>\n\t<meta name=\"twitter:data1\" content=\"8 minuts\" \/>\n<script type=\"application\/ld+json\" class=\"yoast-schema-graph\">{\"@context\":\"https:\/\/schema.org\",\"@graph\":[{\"@type\":\"WebPage\",\"@id\":\"https:\/\/limpseurdesatascos.com\/ca\/servicios\/carpinteria\/\",\"url\":\"https:\/\/limpseurdesatascos.com\/ca\/servicios\/carpinteria\/\",\"name\":\"Servicios de desatascos, fontaner\u00eda, reformas y limpieza - Limpseur\",\"isPartOf\":{\"@id\":\"https:\/\/limpseurdesatascos.com\/#website\"},\"datePublished\":\"2020-04-24T16:39:41+00:00\",\"dateModified\":\"2020-05-22T10:29:08+00:00\",\"description\":\"Servicio de emergencia 24H. Desatascos, fontaner\u00eda, reformas y limpieza.Ofrecemos servicios profesionales a precios muy ajustados en la provincia Tarragona.\",\"breadcrumb\":{\"@id\":\"https:\/\/limpseurdesatascos.com\/ca\/servicios\/carpinteria\/#breadcrumb\"},\"inLanguage\":\"ca\",\"potentialAction\":[{\"@type\":\"ReadAction\",\"target\":[\"https:\/\/limpseurdesatascos.com\/ca\/servicios\/carpinteria\/\"]}]},{\"@type\":\"BreadcrumbList\",\"@id\":\"https:\/\/limpseurdesatascos.com\/ca\/servicios\/carpinteria\/#breadcrumb\",\"itemListElement\":[{\"@type\":\"ListItem\",\"position\":1,\"name\":\"Portada\",\"item\":\"https:\/\/limpseurdesatascos.com\/\"},{\"@type\":\"ListItem\",\"position\":2,\"name\":\"Servicios\",\"item\":\"https:\/\/limpseurdesatascos.com\/ca\/servicios\/\"},{\"@type\":\"ListItem\",\"position\":3,\"name\":\"Carpinter\u00eda\"}]},{\"@type\":\"WebSite\",\"@id\":\"https:\/\/limpseurdesatascos.com\/#website\",\"url\":\"https:\/\/limpseurdesatascos.com\/\",\"name\":\"limpseurdesatascos.com\",\"description\":\"Desatascos, Fontaner\u00eda, Limpieza y desinfecci\u00f3n\",\"potentialAction\":[{\"@type\":\"SearchAction\",\"target\":{\"@type\":\"EntryPoint\",\"urlTemplate\":\"https:\/\/limpseurdesatascos.com\/?s={search_term_string}\"},\"query-input\":{\"@type\":\"PropertyValueSpecification\",\"valueRequired\":true,\"valueName\":\"search_term_string\"}}],\"inLanguage\":\"ca\"}]}<\/script>\n<!-- \/ Yoast SEO plugin. -->","yoast_head_json":{"title":"Servicios de desatascos, fontaner\u00eda, reformas y limpieza - Limpseur","description":"Servicio de emergencia 24H. Desatascos, fontaner\u00eda, reformas y limpieza.Ofrecemos servicios profesionales a precios muy ajustados en la provincia Tarragona.","robots":{"index":"index","follow":"follow","max-snippet":"max-snippet:-1","max-image-preview":"max-image-preview:large","max-video-preview":"max-video-preview:-1"},"canonical":"https:\/\/limpseurdesatascos.com\/ca\/servicios\/carpinteria\/","og_locale":"ca_ES","og_type":"article","og_title":"Servicios de desatascos, fontaner\u00eda, reformas y limpieza - Limpseur","og_description":"Servicio de emergencia 24H. Desatascos, fontaner\u00eda, reformas y limpieza.Ofrecemos servicios profesionales a precios muy ajustados en la provincia Tarragona.","og_url":"https:\/\/limpseurdesatascos.com\/ca\/servicios\/carpinteria\/","og_site_name":"limpseurdesatascos.com","article_modified_time":"2020-05-22T10:29:08+00:00","twitter_card":"summary_large_image","twitter_misc":{"Temps estimat de lectura":"8 minuts"},"schema":{"@context":"https:\/\/schema.org","@graph":[{"@type":"WebPage","@id":"https:\/\/limpseurdesatascos.com\/ca\/servicios\/carpinteria\/","url":"https:\/\/limpseurdesatascos.com\/ca\/servicios\/carpinteria\/","name":"Servicios de desatascos, fontaner\u00eda, reformas y limpieza - Limpseur","isPartOf":{"@id":"https:\/\/limpseurdesatascos.com\/#website"},"datePublished":"2020-04-24T16:39:41+00:00","dateModified":"2020-05-22T10:29:08+00:00","description":"Servicio de emergencia 24H. Desatascos, fontaner\u00eda, reformas y limpieza.Ofrecemos servicios profesionales a precios muy ajustados en la provincia Tarragona.","breadcrumb":{"@id":"https:\/\/limpseurdesatascos.com\/ca\/servicios\/carpinteria\/#breadcrumb"},"inLanguage":"ca","potentialAction":[{"@type":"ReadAction","target":["https:\/\/limpseurdesatascos.com\/ca\/servicios\/carpinteria\/"]}]},{"@type":"BreadcrumbList","@id":"https:\/\/limpseurdesatascos.com\/ca\/servicios\/carpinteria\/#breadcrumb","itemListElement":[{"@type":"ListItem","position":1,"name":"Portada","item":"https:\/\/limpseurdesatascos.com\/"},{"@type":"ListItem","position":2,"name":"Servicios","item":"https:\/\/limpseurdesatascos.com\/ca\/servicios\/"},{"@type":"ListItem","position":3,"name":"Carpinter\u00eda"}]},{"@type":"WebSite","@id":"https:\/\/limpseurdesatascos.com\/#website","url":"https:\/\/limpseurdesatascos.com\/","name":"limpseurdesatascos.com","description":"Desatascos, Fontaner\u00eda, Limpieza y desinfecci\u00f3n","potentialAction":[{"@type":"SearchAction","target":{"@type":"EntryPoint","urlTemplate":"https:\/\/limpseurdesatascos.com\/?s={search_term_string}"},"query-input":{"@type":"PropertyValueSpecification","valueRequired":true,"valueName":"search_term_string"}}],"inLanguage":"ca"}]}},"_links":{"self":[{"href":"https:\/\/limpseurdesatascos.com\/ca\/wp-json\/wp\/v2\/pages\/24","targetHints":{"allow":["GET"]}}],"collection":[{"href":"https:\/\/limpseurdesatascos.com\/ca\/wp-json\/wp\/v2\/pages"}],"about":[{"href":"https:\/\/limpseurdesatascos.com\/ca\/wp-json\/wp\/v2\/types\/page"}],"author":[{"embeddable":true,"href":"https:\/\/limpseurdesatascos.com\/ca\/wp-json\/wp\/v2\/users\/1"}],"replies":[{"embeddable":true,"href":"https:\/\/limpseurdesatascos.com\/ca\/wp-json\/wp\/v2\/comments?post=24"}],"version-history":[{"count":9,"href":"https:\/\/limpseurdesatascos.com\/ca\/wp-json\/wp\/v2\/pages\/24\/revisions"}],"predecessor-version":[{"id":584,"href":"https:\/\/limpseurdesatascos.com\/ca\/wp-json\/wp\/v2\/pages\/24\/revisions\/584"}],"up":[{"embeddable":true,"href":"https:\/\/limpseurdesatascos.com\/ca\/wp-json\/wp\/v2\/pages\/18"}],"wp:attachment":[{"href":"https:\/\/limpseurdesatascos.com\/ca\/wp-json\/wp\/v2\/media?parent=24"}],"curies":[{"name":"wp","href":"https:\/\/api.w.org\/{rel}","templated":true}]}}